{"id":963,"date":"2023-06-04T16:53:08","date_gmt":"2023-06-04T14:53:08","guid":{"rendered":"https:\/\/olificonseil.com\/?page_id=963"},"modified":"2023-09-29T19:36:26","modified_gmt":"2023-09-29T17:36:26","slug":"contact","status":"publish","type":"page","link":"https:\/\/olificonseil.com\/index.php\/contact\/","title":{"rendered":"Contact"},"content":{"rendered":"\t\t<div data-elementor-type=\"wp-page\" data-elementor-id=\"963\" class=\"elementor elementor-963\">\n\t\t\t\t\t\t<section class=\"elementor-section elementor-top-section elementor-element elementor-element-1c6d63c elementor-section-boxed elementor-section-height-default elementor-section-height-default wpr-particle-no wpr-jarallax-no wpr-parallax-no wpr-sticky-section-no wpr-equal-height-no\" data-id=\"1c6d63c\" data-element_type=\"section\">\n\t\t\t\t\t\t<div class=\"elementor-container elementor-column-gap-default\">\n\t\t\t\t\t<div class=\"elementor-column elementor-col-100 elementor-top-column elementor-element elementor-element-e09a6eb\" data-id=\"e09a6eb\" data-element_type=\"column\">\n\t\t\t<div class=\"elementor-widget-wrap elementor-element-populated\">\n\t\t\t\t\t\t<div class=\"elementor-element elementor-element-7686eb1 elementor-widget elementor-widget-spacer\" data-id=\"7686eb1\" data-element_type=\"widget\" data-widget_type=\"spacer.default\">\n\t\t\t\t<div class=\"elementor-widget-container\">\n\t\t\t\t\t\t\t<div class=\"elementor-spacer\">\n\t\t\t<div class=\"elementor-spacer-inner\"><\/div>\n\t\t<\/div>\n\t\t\t\t\t\t<\/div>\n\t\t\t\t<\/div>\n\t\t\t\t<div class=\"elementor-element elementor-element-8e10a0e elementor-widget elementor-widget-heading\" data-id=\"8e10a0e\" data-element_type=\"widget\" data-widget_type=\"heading.default\">\n\t\t\t\t<div class=\"elementor-widget-container\">\n\t\t\t\t\t<h1 class=\"elementor-heading-title elementor-size-default\">Contactez nous<\/h1>\t\t\t\t<\/div>\n\t\t\t\t<\/div>\n\t\t\t\t<div class=\"elementor-element elementor-element-3d60e7a elementor-widget elementor-widget-google_maps\" data-id=\"3d60e7a\" data-element_type=\"widget\" data-widget_type=\"google_maps.default\">\n\t\t\t\t<div class=\"elementor-widget-container\">\n\t\t\t\t\t\t\t<div class=\"elementor-custom-embed\">\n\t\t\t<iframe loading=\"lazy\"\n\t\t\t\t\tsrc=\"https:\/\/maps.google.com\/maps?q=12%20ch.%20des%20Combes%2069450%20St%20Cyr%20au%20Mont%20d%E2%80%99Or%2C%20FRANCE&#038;t=m&#038;z=10&#038;output=embed&#038;iwloc=near\"\n\t\t\t\t\ttitle=\"12 ch. des Combes 69450 St Cyr au Mont d\u2019Or, FRANCE\"\n\t\t\t\t\taria-label=\"12 ch. des Combes 69450 St Cyr au Mont d\u2019Or, FRANCE\"\n\t\t\t><\/iframe>\n\t\t<\/div>\n\t\t\t\t\t\t<\/div>\n\t\t\t\t<\/div>\n\t\t\t\t<div class=\"elementor-element elementor-element-aea4628 elementor-widget elementor-widget-spacer\" data-id=\"aea4628\" data-element_type=\"widget\" data-widget_type=\"spacer.default\">\n\t\t\t\t<div class=\"elementor-widget-container\">\n\t\t\t\t\t\t\t<div class=\"elementor-spacer\">\n\t\t\t<div class=\"elementor-spacer-inner\"><\/div>\n\t\t<\/div>\n\t\t\t\t\t\t<\/div>\n\t\t\t\t<\/div>\n\t\t\t\t<section class=\"elementor-section elementor-inner-section elementor-element elementor-element-1e3b199 elementor-section-boxed elementor-section-height-default elementor-section-height-default wpr-particle-no wpr-jarallax-no wpr-parallax-no wpr-sticky-section-no wpr-equal-height-no\" data-id=\"1e3b199\" data-element_type=\"section\">\n\t\t\t\t\t\t<div class=\"elementor-container elementor-column-gap-default\">\n\t\t\t\t\t<div class=\"elementor-column elementor-col-33 elementor-inner-column elementor-element elementor-element-9488eb5\" data-id=\"9488eb5\" data-element_type=\"column\">\n\t\t\t<div class=\"elementor-widget-wrap elementor-element-populated\">\n\t\t\t\t\t\t<div class=\"elementor-element elementor-element-3ac08c5 elementor-view-default elementor-widget elementor-widget-icon\" data-id=\"3ac08c5\" data-element_type=\"widget\" data-widget_type=\"icon.default\">\n\t\t\t\t<div class=\"elementor-widget-container\">\n\t\t\t\t\t\t\t<div class=\"elementor-icon-wrapper\">\n\t\t\t<div class=\"elementor-icon\">\n\t\t\t<i aria-hidden=\"true\" class=\"fas fa-phone\"><\/i>\t\t\t<\/div>\n\t\t<\/div>\n\t\t\t\t\t\t<\/div>\n\t\t\t\t<\/div>\n\t\t\t\t<div class=\"elementor-element elementor-element-ff227d7 elementor-widget elementor-widget-text-editor\" data-id=\"ff227d7\" data-element_type=\"widget\" data-widget_type=\"text-editor.default\">\n\t\t\t\t<div class=\"elementor-widget-container\">\n\t\t\t\t\t\t\t\t\t<p>+33 (0)6 10 87 42 17<\/p>\t\t\t\t\t\t\t\t<\/div>\n\t\t\t\t<\/div>\n\t\t\t\t\t<\/div>\n\t\t<\/div>\n\t\t\t\t<div class=\"elementor-column elementor-col-33 elementor-inner-column elementor-element elementor-element-b9ef90a\" data-id=\"b9ef90a\" data-element_type=\"column\">\n\t\t\t<div class=\"elementor-widget-wrap elementor-element-populated\">\n\t\t\t\t\t\t<div class=\"elementor-element elementor-element-ae5bbd9 elementor-view-default elementor-widget elementor-widget-icon\" data-id=\"ae5bbd9\" data-element_type=\"widget\" data-widget_type=\"icon.default\">\n\t\t\t\t<div class=\"elementor-widget-container\">\n\t\t\t\t\t\t\t<div class=\"elementor-icon-wrapper\">\n\t\t\t<div class=\"elementor-icon\">\n\t\t\t<i aria-hidden=\"true\" class=\"fas fa-map-marker-alt\"><\/i>\t\t\t<\/div>\n\t\t<\/div>\n\t\t\t\t\t\t<\/div>\n\t\t\t\t<\/div>\n\t\t\t\t<div class=\"elementor-element elementor-element-9dda8be elementor-widget elementor-widget-text-editor\" data-id=\"9dda8be\" data-element_type=\"widget\" data-widget_type=\"text-editor.default\">\n\t\t\t\t<div class=\"elementor-widget-container\">\n\t\t\t\t\t\t\t\t\t<p>12 ch. des Combes<br \/>69450 St Cyr au Mont d\u2019Or, FRANCE<\/p>\t\t\t\t\t\t\t\t<\/div>\n\t\t\t\t<\/div>\n\t\t\t\t\t<\/div>\n\t\t<\/div>\n\t\t\t\t<div class=\"elementor-column elementor-col-33 elementor-inner-column elementor-element elementor-element-a5586cc\" data-id=\"a5586cc\" data-element_type=\"column\">\n\t\t\t<div class=\"elementor-widget-wrap elementor-element-populated\">\n\t\t\t\t\t\t<div class=\"elementor-element elementor-element-7d5284c elementor-view-default elementor-widget elementor-widget-icon\" data-id=\"7d5284c\" data-element_type=\"widget\" data-widget_type=\"icon.default\">\n\t\t\t\t<div class=\"elementor-widget-container\">\n\t\t\t\t\t\t\t<div class=\"elementor-icon-wrapper\">\n\t\t\t<div class=\"elementor-icon\">\n\t\t\t<i aria-hidden=\"true\" class=\"fas fa-envelope\"><\/i>\t\t\t<\/div>\n\t\t<\/div>\n\t\t\t\t\t\t<\/div>\n\t\t\t\t<\/div>\n\t\t\t\t<div class=\"elementor-element elementor-element-6c4f1f8 elementor-widget elementor-widget-text-editor\" data-id=\"6c4f1f8\" data-element_type=\"widget\" data-widget_type=\"text-editor.default\">\n\t\t\t\t<div class=\"elementor-widget-container\">\n\t\t\t\t\t\t\t\t\t<p><a href=\"mailto:contact@olificonseil.com\">contact@olificonseil.com<\/a><\/p>\t\t\t\t\t\t\t\t<\/div>\n\t\t\t\t<\/div>\n\t\t\t\t\t<\/div>\n\t\t<\/div>\n\t\t\t\t\t<\/div>\n\t\t<\/section>\n\t\t\t\t<div class=\"elementor-element elementor-element-0f2586c elementor-widget elementor-widget-spacer\" data-id=\"0f2586c\" data-element_type=\"widget\" data-widget_type=\"spacer.default\">\n\t\t\t\t<div class=\"elementor-widget-container\">\n\t\t\t\t\t\t\t<div class=\"elementor-spacer\">\n\t\t\t<div class=\"elementor-spacer-inner\"><\/div>\n\t\t<\/div>\n\t\t\t\t\t\t<\/div>\n\t\t\t\t<\/div>\n\t\t\t\t<div class=\"elementor-element elementor-element-15f8f48 wpr-pc-btn-align-fixed wpr-pc-btn-align-fixed-right wpr-pc-btn-icon-right elementor-widget elementor-widget-wpr-phone-call\" data-id=\"15f8f48\" data-element_type=\"widget\" data-widget_type=\"wpr-phone-call.default\">\n\t\t\t\t<div class=\"elementor-widget-container\">\n\t\t\t\t\t<div class=\"wpr-pc-wrapper\"><a href=\"tel:0610874217\" class=\"wpr-pc-btn\"><div class=\"wpr-pc-content\"><span class=\"wpr-pc-text\">Appelez nous !<\/span><span class=\"wpr-pc-btn-icon\"><i class=\"fas fa-phone\"><\/i><\/span><\/div><\/a><\/div>\t\t\t\t<\/div>\n\t\t\t\t<\/div>\n\t\t\t\t\t<\/div>\n\t\t<\/div>\n\t\t\t\t\t<\/div>\n\t\t<\/section>\n\t\t\t\t<\/div>\n\t\t","protected":false},"excerpt":{"rendered":"<p>Contactez nous +33 (0)6 10 87 42 17 12 ch. des Combes69450 St Cyr au Mont d\u2019Or, FRANCE&#8230; <a class=\"excerpt-read-more\" href=\"https:\/\/olificonseil.com\/index.php\/contact\/\"><span>Read More<\/span><\/a><\/p>\n","protected":false},"author":5,"featured_media":0,"parent":0,"menu_order":0,"comment_status":"closed","ping_status":"closed","template":"template-homepage.php","meta":{"footnotes":""},"yoast_head":"<!-- This site is optimized with the Yoast SEO plugin v23.5 - https:\/\/yoast.com\/wordpress\/plugins\/seo\/ -->\n<title>Contact - Cultivons votre \u00e9quipe - Changer pour le mieux<\/title>\n<meta name=\"description\" content=\"Augmentez votre rentabilit\u00e9 en am\u00e9liorant l\u2019exp\u00e9rience Client,le service et la qualit\u00e9, en maitrisant les d\u00e9lais et les co\u00fbts\" \/>\n<meta name=\"robots\" content=\"index, follow, max-snippet:-1, max-image-preview:large, max-video-preview:-1\" \/>\n<link rel=\"canonical\" href=\"https:\/\/olificonseil.com\/index.php\/contact\/\" \/>\n<meta property=\"og:locale\" content=\"fr_FR\" \/>\n<meta property=\"og:type\" content=\"article\" \/>\n<meta property=\"og:title\" content=\"Contact - Cultivons votre \u00e9quipe - Changer pour le mieux\" \/>\n<meta property=\"og:description\" content=\"Augmentez votre rentabilit\u00e9 en am\u00e9liorant l\u2019exp\u00e9rience Client,le service et la qualit\u00e9, en maitrisant les d\u00e9lais et les co\u00fbts\" \/>\n<meta property=\"og:url\" content=\"https:\/\/olificonseil.com\/index.php\/contact\/\" \/>\n<meta property=\"og:site_name\" content=\"Olifi Conseil\" \/>\n<meta property=\"article:modified_time\" content=\"2023-09-29T17:36:26+00:00\" \/>\n<meta property=\"og:image\" content=\"https:\/\/olificonseil.com\/wp-content\/uploads\/2020\/02\/logo-olifi-coming-soon-1.png\" \/>\n\t<meta property=\"og:image:width\" content=\"1040\" \/>\n\t<meta property=\"og:image:height\" content=\"736\" \/>\n\t<meta property=\"og:image:type\" content=\"image\/png\" \/>\n<meta name=\"twitter:card\" content=\"summary_large_image\" \/>\n<meta name=\"twitter:label1\" content=\"Dur\u00e9e de lecture estim\u00e9e\" \/>\n\t<meta name=\"twitter:data1\" content=\"1 minute\" \/>\n<script type=\"application\/ld+json\" class=\"yoast-schema-graph\">{\"@context\":\"https:\/\/schema.org\",\"@graph\":[{\"@type\":\"WebPage\",\"@id\":\"https:\/\/olificonseil.com\/index.php\/contact\/\",\"url\":\"https:\/\/olificonseil.com\/index.php\/contact\/\",\"name\":\"Contact - Cultivons votre \u00e9quipe - Changer pour le mieux\",\"isPartOf\":{\"@id\":\"https:\/\/olificonseil.com\/#website\"},\"datePublished\":\"2023-06-04T14:53:08+00:00\",\"dateModified\":\"2023-09-29T17:36:26+00:00\",\"description\":\"Augmentez votre rentabilit\u00e9 en am\u00e9liorant l\u2019exp\u00e9rience Client,le service et la qualit\u00e9, en maitrisant les d\u00e9lais et les co\u00fbts\",\"breadcrumb\":{\"@id\":\"https:\/\/olificonseil.com\/index.php\/contact\/#breadcrumb\"},\"inLanguage\":\"fr-FR\",\"potentialAction\":[{\"@type\":\"ReadAction\",\"target\":[\"https:\/\/olificonseil.com\/index.php\/contact\/\"]}]},{\"@type\":\"BreadcrumbList\",\"@id\":\"https:\/\/olificonseil.com\/index.php\/contact\/#breadcrumb\",\"itemListElement\":[{\"@type\":\"ListItem\",\"position\":1,\"name\":\"Accueil\",\"item\":\"https:\/\/olificonseil.com\/\"},{\"@type\":\"ListItem\",\"position\":2,\"name\":\"Contact\"}]},{\"@type\":\"WebSite\",\"@id\":\"https:\/\/olificonseil.com\/#website\",\"url\":\"https:\/\/olificonseil.com\/\",\"name\":\"Olifi Conseil\",\"description\":\"Cultivons votre \u00e9quipe\",\"publisher\":{\"@id\":\"https:\/\/olificonseil.com\/#organization\"},\"potentialAction\":[{\"@type\":\"SearchAction\",\"target\":{\"@type\":\"EntryPoint\",\"urlTemplate\":\"https:\/\/olificonseil.com\/?s={search_term_string}\"},\"query-input\":{\"@type\":\"PropertyValueSpecification\",\"valueRequired\":true,\"valueName\":\"search_term_string\"}}],\"inLanguage\":\"fr-FR\"},{\"@type\":\"Organization\",\"@id\":\"https:\/\/olificonseil.com\/#organization\",\"name\":\"Olifi Conseil\",\"url\":\"https:\/\/olificonseil.com\/\",\"logo\":{\"@type\":\"ImageObject\",\"inLanguage\":\"fr-FR\",\"@id\":\"https:\/\/olificonseil.com\/#\/schema\/logo\/image\/\",\"url\":\"https:\/\/olificonseil.com\/wp-content\/uploads\/2020\/02\/logo-olifi1-site.jpg\",\"contentUrl\":\"https:\/\/olificonseil.com\/wp-content\/uploads\/2020\/02\/logo-olifi1-site.jpg\",\"width\":432,\"height\":180,\"caption\":\"Olifi Conseil\"},\"image\":{\"@id\":\"https:\/\/olificonseil.com\/#\/schema\/logo\/image\/\"},\"sameAs\":[\"https:\/\/www.linkedin.com\/company\/olificonseil\/\"]}]}<\/script>\n<!-- \/ Yoast SEO plugin. -->","yoast_head_json":{"title":"Contact - Cultivons votre \u00e9quipe - Changer pour le mieux","description":"Augmentez votre rentabilit\u00e9 en am\u00e9liorant l\u2019exp\u00e9rience Client,le service et la qualit\u00e9, en maitrisant les d\u00e9lais et les co\u00fbts","robots":{"index":"index","follow":"follow","max-snippet":"max-snippet:-1","max-image-preview":"max-image-preview:large","max-video-preview":"max-video-preview:-1"},"canonical":"https:\/\/olificonseil.com\/index.php\/contact\/","og_locale":"fr_FR","og_type":"article","og_title":"Contact - Cultivons votre \u00e9quipe - Changer pour le mieux","og_description":"Augmentez votre rentabilit\u00e9 en am\u00e9liorant l\u2019exp\u00e9rience Client,le service et la qualit\u00e9, en maitrisant les d\u00e9lais et les co\u00fbts","og_url":"https:\/\/olificonseil.com\/index.php\/contact\/","og_site_name":"Olifi Conseil","article_modified_time":"2023-09-29T17:36:26+00:00","og_image":[{"width":1040,"height":736,"url":"https:\/\/olificonseil.com\/wp-content\/uploads\/2020\/02\/logo-olifi-coming-soon-1.png","type":"image\/png"}],"twitter_card":"summary_large_image","twitter_misc":{"Dur\u00e9e de lecture estim\u00e9e":"1 minute"},"schema":{"@context":"https:\/\/schema.org","@graph":[{"@type":"WebPage","@id":"https:\/\/olificonseil.com\/index.php\/contact\/","url":"https:\/\/olificonseil.com\/index.php\/contact\/","name":"Contact - Cultivons votre \u00e9quipe - Changer pour le mieux","isPartOf":{"@id":"https:\/\/olificonseil.com\/#website"},"datePublished":"2023-06-04T14:53:08+00:00","dateModified":"2023-09-29T17:36:26+00:00","description":"Augmentez votre rentabilit\u00e9 en am\u00e9liorant l\u2019exp\u00e9rience Client,le service et la qualit\u00e9, en maitrisant les d\u00e9lais et les co\u00fbts","breadcrumb":{"@id":"https:\/\/olificonseil.com\/index.php\/contact\/#breadcrumb"},"inLanguage":"fr-FR","potentialAction":[{"@type":"ReadAction","target":["https:\/\/olificonseil.com\/index.php\/contact\/"]}]},{"@type":"BreadcrumbList","@id":"https:\/\/olificonseil.com\/index.php\/contact\/#breadcrumb","itemListElement":[{"@type":"ListItem","position":1,"name":"Accueil","item":"https:\/\/olificonseil.com\/"},{"@type":"ListItem","position":2,"name":"Contact"}]},{"@type":"WebSite","@id":"https:\/\/olificonseil.com\/#website","url":"https:\/\/olificonseil.com\/","name":"Olifi Conseil","description":"Cultivons votre \u00e9quipe","publisher":{"@id":"https:\/\/olificonseil.com\/#organization"},"potentialAction":[{"@type":"SearchAction","target":{"@type":"EntryPoint","urlTemplate":"https:\/\/olificonseil.com\/?s={search_term_string}"},"query-input":{"@type":"PropertyValueSpecification","valueRequired":true,"valueName":"search_term_string"}}],"inLanguage":"fr-FR"},{"@type":"Organization","@id":"https:\/\/olificonseil.com\/#organization","name":"Olifi Conseil","url":"https:\/\/olificonseil.com\/","logo":{"@type":"ImageObject","inLanguage":"fr-FR","@id":"https:\/\/olificonseil.com\/#\/schema\/logo\/image\/","url":"https:\/\/olificonseil.com\/wp-content\/uploads\/2020\/02\/logo-olifi1-site.jpg","contentUrl":"https:\/\/olificonseil.com\/wp-content\/uploads\/2020\/02\/logo-olifi1-site.jpg","width":432,"height":180,"caption":"Olifi Conseil"},"image":{"@id":"https:\/\/olificonseil.com\/#\/schema\/logo\/image\/"},"sameAs":["https:\/\/www.linkedin.com\/company\/olificonseil\/"]}]}},"_links":{"self":[{"href":"https:\/\/olificonseil.com\/index.php\/wp-json\/wp\/v2\/pages\/963"}],"collection":[{"href":"https:\/\/olificonseil.com\/index.php\/wp-json\/wp\/v2\/pages"}],"about":[{"href":"https:\/\/olificonseil.com\/index.php\/wp-json\/wp\/v2\/types\/page"}],"author":[{"embeddable":true,"href":"https:\/\/olificonseil.com\/index.php\/wp-json\/wp\/v2\/users\/5"}],"replies":[{"embeddable":true,"href":"https:\/\/olificonseil.com\/index.php\/wp-json\/wp\/v2\/comments?post=963"}],"version-history":[{"count":69,"href":"https:\/\/olificonseil.com\/index.php\/wp-json\/wp\/v2\/pages\/963\/revisions"}],"predecessor-version":[{"id":1801,"href":"https:\/\/olificonseil.com\/index.php\/wp-json\/wp\/v2\/pages\/963\/revisions\/1801"}],"wp:attachment":[{"href":"https:\/\/olificonseil.com\/index.php\/wp-json\/wp\/v2\/media?parent=963"}],"curies":[{"name":"wp","href":"https:\/\/api.w.org\/{rel}","templated":true}]}}