{"id":1829,"date":"2023-11-14T18:10:13","date_gmt":"2023-11-14T17:10:13","guid":{"rendered":"https:\/\/olificonseil.com\/?page_id=1829"},"modified":"2023-11-14T18:39:26","modified_gmt":"2023-11-14T17:39:26","slug":"journal-olifi-conseil","status":"publish","type":"page","link":"https:\/\/olificonseil.com\/index.php\/journal-olifi-conseil\/","title":{"rendered":"Blog"},"content":{"rendered":"\t\t<div data-elementor-type=\"wp-page\" data-elementor-id=\"1829\" class=\"elementor elementor-1829\">\n\t\t\t\t\t\t<section class=\"elementor-section elementor-top-section elementor-element elementor-element-b38d147 elementor-section-boxed elementor-section-height-default elementor-section-height-default wpr-particle-no wpr-jarallax-no wpr-parallax-no wpr-sticky-section-no wpr-equal-height-no\" data-id=\"b38d147\" data-element_type=\"section\">\n\t\t\t\t\t\t<div class=\"elementor-container elementor-column-gap-default\">\n\t\t\t\t\t<div class=\"elementor-column elementor-col-100 elementor-top-column elementor-element elementor-element-8d1db58\" data-id=\"8d1db58\" data-element_type=\"column\">\n\t\t\t<div class=\"elementor-widget-wrap elementor-element-populated\">\n\t\t\t\t\t\t<div class=\"elementor-element elementor-element-7b0c8f3 elementor-widget elementor-widget-spacer\" data-id=\"7b0c8f3\" data-element_type=\"widget\" data-widget_type=\"spacer.default\">\n\t\t\t\t<div class=\"elementor-widget-container\">\n\t\t\t\t\t\t\t<div class=\"elementor-spacer\">\n\t\t\t<div class=\"elementor-spacer-inner\"><\/div>\n\t\t<\/div>\n\t\t\t\t\t\t<\/div>\n\t\t\t\t<\/div>\n\t\t\t\t<div class=\"elementor-element elementor-element-f2de7f8 wpr-grid-columns-3 wpr-grid-columns--tablet2 wpr-grid-columns--mobile1 wpr-grid-pagination-center wpr-item-styles-inner elementor-widget elementor-widget-wpr-grid\" data-id=\"f2de7f8\" data-element_type=\"widget\" data-widget_type=\"wpr-grid.default\">\n\t\t\t\t<div class=\"elementor-widget-container\">\n\t\t\t\t\t<ul class=\"wpr-grid-filters elementor-clearfix wpr-grid-filters-sep-right\"><li class=\" wpr-pointer-none wpr-pointer-line-fx wpr-pointer-fx-none\"><span  data-filter=\"*\" class=\"wpr-grid-filters-item wpr-active-filter \">All Posts<\/span><em class=\"wpr-grid-filters-sep\"><\/em><\/li><li class=\" wpr-pointer-none wpr-pointer-line-fx wpr-pointer-fx-none\"><span   data-ajax-filter=[\"category\",\"gestion-sobre\"]  data-filter=\".category-gestion-sobre\">Gestion Sobre<\/span><em class=\"wpr-grid-filters-sep\"><\/em><\/li><li class=\" wpr-pointer-none wpr-pointer-line-fx wpr-pointer-fx-none\"><span   data-ajax-filter=[\"category\",\"lean\"]  data-filter=\".category-lean\">Lean<\/span><em class=\"wpr-grid-filters-sep\"><\/em><\/li><li class=\" wpr-pointer-none wpr-pointer-line-fx wpr-pointer-fx-none\"><span   data-ajax-filter=[\"category\",\"non-classe\"]  data-filter=\".category-non-classe\">Non class\u00e9<\/span><em class=\"wpr-grid-filters-sep\"><\/em><\/li><li class=\" wpr-pointer-none wpr-pointer-line-fx wpr-pointer-fx-none\"><span   data-ajax-filter=[\"category\",\"olifi\"]  data-filter=\".category-olifi\">OLIFI<\/span><em class=\"wpr-grid-filters-sep\"><\/em><\/li><\/ul><section class=\"wpr-grid elementor-clearfix\" data-settings=\"{&quot;layout&quot;:&quot;fitRows&quot;,&quot;stick_last_element_to_bottom&quot;:&quot;&quot;,&quot;columns_desktop&quot;:3,&quot;gutter_hr&quot;:15,&quot;gutter_hr_mobile&quot;:15,&quot;gutter_hr_mobile_extra&quot;:15,&quot;gutter_hr_tablet&quot;:15,&quot;gutter_hr_tablet_extra&quot;:15,&quot;gutter_hr_laptop&quot;:15,&quot;gutter_hr_widescreen&quot;:15,&quot;gutter_vr&quot;:15,&quot;gutter_vr_mobile&quot;:15,&quot;gutter_vr_mobile_extra&quot;:15,&quot;gutter_vr_tablet&quot;:15,&quot;gutter_vr_tablet_extra&quot;:15,&quot;gutter_vr_laptop&quot;:15,&quot;gutter_vr_widescreen&quot;:15,&quot;animation&quot;:&quot;default&quot;,&quot;animation_duration&quot;:0.3,&quot;animation_delay&quot;:0.1,&quot;deeplinking&quot;:&quot;&quot;,&quot;filters_linkable&quot;:&quot;no&quot;,&quot;filters_default_filter&quot;:&quot;&quot;,&quot;filters_count&quot;:&quot;&quot;,&quot;filters_hide_empty&quot;:&quot;no&quot;,&quot;filters_animation&quot;:&quot;default&quot;,&quot;filters_animation_duration&quot;:0.3,&quot;filters_animation_delay&quot;:0.1,&quot;pagination_type&quot;:&quot;load-more&quot;,&quot;pagination_max_pages&quot;:1,&quot;lightbox&quot;:{&quot;selector&quot;:&quot;.wpr-grid-image-wrap&quot;,&quot;iframeMaxWidth&quot;:&quot;60%&quot;,&quot;hash&quot;:false,&quot;autoplay&quot;:&quot;true&quot;,&quot;pause&quot;:5000,&quot;progressBar&quot;:&quot;true&quot;,&quot;counter&quot;:&quot;true&quot;,&quot;controls&quot;:&quot;true&quot;,&quot;getCaptionFromTitleOrAlt&quot;:&quot;true&quot;,&quot;thumbnail&quot;:&quot;&quot;,&quot;showThumbByDefault&quot;:&quot;&quot;,&quot;share&quot;:&quot;&quot;,&quot;zoom&quot;:&quot;true&quot;,&quot;fullScreen&quot;:&quot;true&quot;,&quot;download&quot;:&quot;true&quot;}}\" data-advanced-filters=\"no\"><article class=\"wpr-grid-item elementor-clearfix post-1908 post type-post status-publish format-standard has-post-thumbnail hentry category-gestion-sobre category-lean category-olifi\"><div class=\"wpr-grid-item-inner\"><div class=\"wpr-grid-media-wrap wpr-effect-size-medium \" data-overlay-link=\"yes\"><div class=\"wpr-grid-image-wrap\" data-src=\"https:\/\/olificonseil.com\/wp-content\/uploads\/2023\/12\/La-gestion-sobre.png\" data-img-on-hover=\"\"  data-src-secondary=\"\"><img decoding=\"async\" data-no-lazy=\"1\" src=\"https:\/\/olificonseil.com\/wp-content\/uploads\/2023\/12\/La-gestion-sobre.png\" alt=\"Transformer les d\u00e9fis quotidiens en opportunit\u00e9s&#8230;osez la gestion sobre\" class=\"wpr-anim-timing-ease-default\"><\/div><div class=\"wpr-grid-media-hover wpr-animation-wrap\"><div class=\"wpr-grid-media-hover-bg  wpr-overlay-fade-in wpr-anim-size-large wpr-anim-timing-ease-default wpr-anim-transparency\" data-url=\"https:\/\/olificonseil.com\/index.php\/2023\/12\/08\/transformer-les-defis-quotidiens-en-opportunites-osez-la-gestion-sobre\/\"><\/div><\/div><\/div><div class=\"wpr-grid-item-below-content elementor-clearfix\"><h2 class=\"wpr-grid-item-title elementor-repeater-item-38c6c6c wpr-grid-item-display-block wpr-grid-item-align-left wpr-pointer-none wpr-pointer-line-fx wpr-pointer-fx-fade\"><div class=\"inner-block\"><a target=\"_self\"  href=\"https:\/\/olificonseil.com\/index.php\/2023\/12\/08\/transformer-les-defis-quotidiens-en-opportunites-osez-la-gestion-sobre\/\">Transformer les d\u00e9fis quotidiens en opportunit\u00e9s&#8230;osez la gestion sobre<\/a><\/div><\/h2><div class=\"wpr-grid-item-date elementor-repeater-item-da57eb1 wpr-grid-item-display-inline wpr-grid-item-align-left\"><div class=\"inner-block\"><span>8 d\u00e9cembre 2023<span class=\"wpr-grid-extra-text-right\">\/<\/span><\/span><\/div><\/div><div class=\"wpr-grid-item-comments elementor-repeater-item-0332329 wpr-grid-item-display-inline wpr-grid-item-align-left\"><div class=\"inner-block\"><a href=\"https:\/\/olificonseil.com\/index.php\/2023\/12\/08\/transformer-les-defis-quotidiens-en-opportunites-osez-la-gestion-sobre\/#respond\"><span>Pas de commentaire<\/span><\/a><\/div><\/div><div class=\"wpr-grid-item-excerpt elementor-repeater-item-9674cfb wpr-grid-item-display-block wpr-grid-item-align-left\"><div class=\"inner-block\"><p>Un cas concret, un exemple probant L&rsquo;entreprise, un op\u00e9rateur de r\u00e9seau de t\u00e9l\u00e9communications leader sur son march\u00e9, cherchait... Read More<\/p><\/div><\/div><div class=\"wpr-grid-item-read-more elementor-repeater-item-599cb83 wpr-grid-item-display-block wpr-grid-item-align-left\"><div class=\"inner-block\"><a target=\"_self\" href=\"https:\/\/olificonseil.com\/index.php\/2023\/12\/08\/transformer-les-defis-quotidiens-en-opportunites-osez-la-gestion-sobre\/\" class=\"wpr-button-effect wpr-button-none\"><span>Lire plus<\/span><\/a><\/div><\/div><\/div><\/div><\/article><article class=\"wpr-grid-item elementor-clearfix post-1863 post type-post status-publish format-standard has-post-thumbnail hentry category-olifi\"><div class=\"wpr-grid-item-inner\"><div class=\"wpr-grid-media-wrap wpr-effect-size-medium \" data-overlay-link=\"yes\"><div class=\"wpr-grid-image-wrap\" data-src=\"https:\/\/olificonseil.com\/wp-content\/uploads\/2023\/11\/Olivier_Article-scaled.jpg\" data-img-on-hover=\"\"  data-src-secondary=\"\"><img decoding=\"async\" data-no-lazy=\"1\" src=\"https:\/\/olificonseil.com\/wp-content\/uploads\/2023\/11\/Olivier_Article-scaled.jpg\" alt=\"Propulsez vos r\u00e9sultats gr\u00e2ce \u00e0 la gestion sobre\" class=\"wpr-anim-timing-ease-default\"><\/div><div class=\"wpr-grid-media-hover wpr-animation-wrap\"><div class=\"wpr-grid-media-hover-bg  wpr-overlay-fade-in wpr-anim-size-large wpr-anim-timing-ease-default wpr-anim-transparency\" data-url=\"https:\/\/olificonseil.com\/index.php\/2023\/11\/15\/propulsez-vos-resultats-grace-a-la-gestion-sobre\/\"><\/div><\/div><\/div><div class=\"wpr-grid-item-below-content elementor-clearfix\"><h2 class=\"wpr-grid-item-title elementor-repeater-item-38c6c6c wpr-grid-item-display-block wpr-grid-item-align-left wpr-pointer-none wpr-pointer-line-fx wpr-pointer-fx-fade\"><div class=\"inner-block\"><a target=\"_self\"  href=\"https:\/\/olificonseil.com\/index.php\/2023\/11\/15\/propulsez-vos-resultats-grace-a-la-gestion-sobre\/\">Propulsez vos r\u00e9sultats gr\u00e2ce \u00e0 la gestion sobre<\/a><\/div><\/h2><div class=\"wpr-grid-item-date elementor-repeater-item-da57eb1 wpr-grid-item-display-inline wpr-grid-item-align-left\"><div class=\"inner-block\"><span>15 novembre 2023<span class=\"wpr-grid-extra-text-right\">\/<\/span><\/span><\/div><\/div><div class=\"wpr-grid-item-comments elementor-repeater-item-0332329 wpr-grid-item-display-inline wpr-grid-item-align-left\"><div class=\"inner-block\"><a href=\"https:\/\/olificonseil.com\/index.php\/2023\/11\/15\/propulsez-vos-resultats-grace-a-la-gestion-sobre\/#respond\"><span>Pas de commentaire<\/span><\/a><\/div><\/div><div class=\"wpr-grid-item-excerpt elementor-repeater-item-9674cfb wpr-grid-item-display-block wpr-grid-item-align-left\"><div class=\"inner-block\"><p>OLIFI conseil et la gestion sobre propulseront votre entreprise vers de nouveaux sommets gr\u00e2ce notre exp\u00e9rience en conseil... Read More<\/p><\/div><\/div><div class=\"wpr-grid-item-read-more elementor-repeater-item-599cb83 wpr-grid-item-display-block wpr-grid-item-align-left\"><div class=\"inner-block\"><a target=\"_self\" href=\"https:\/\/olificonseil.com\/index.php\/2023\/11\/15\/propulsez-vos-resultats-grace-a-la-gestion-sobre\/\" class=\"wpr-button-effect wpr-button-none\"><span>Lire plus<\/span><\/a><\/div><\/div><\/div><\/div><\/article><\/section>\t\t\t\t<\/div>\n\t\t\t\t<\/div>\n\t\t\t\t\t<\/div>\n\t\t<\/div>\n\t\t\t\t\t<\/div>\n\t\t<\/section>\n\t\t\t\t<\/div>\n\t\t","protected":false},"excerpt":{"rendered":"<p>All Posts Gestion Sobre Lean &#8220;Gestion Sobre : La Cl\u00e9 du Succ\u00e8s gr\u00e2ce au Lean Management&#8221; 10 juillet&#8230; <a class=\"excerpt-read-more\" href=\"https:\/\/olificonseil.com\/index.php\/2023\/11\/15\/propulsez-vos-resultats-grace-a-la-gestion-sobre\/\"><span>Read More<\/span><\/a><\/p>\n","protected":false},"author":5,"featured_media":0,"parent":0,"menu_order":0,"comment_status":"closed","ping_status":"closed","template":"template-homepage.php","meta":{"footnotes":""},"yoast_head":"<!-- This site is optimized with the Yoast SEO plugin v23.5 - https:\/\/yoast.com\/wordpress\/plugins\/seo\/ -->\n<title>Contact - Cultivons votre \u00e9quipe - Changer pour le mieux<\/title>\n<meta name=\"description\" content=\"Augmentez votre rentabilit\u00e9 en am\u00e9liorant l\u2019exp\u00e9rience Client,le service et la qualit\u00e9, en maitrisant les d\u00e9lais et les co\u00fbts\" \/>\n<meta name=\"robots\" content=\"index, follow, max-snippet:-1, max-image-preview:large, max-video-preview:-1\" \/>\n<link rel=\"canonical\" href=\"https:\/\/olificonseil.com\/index.php\/journal-olifi-conseil\/\" \/>\n<meta property=\"og:locale\" content=\"fr_FR\" \/>\n<meta property=\"og:type\" content=\"article\" \/>\n<meta property=\"og:title\" content=\"Contact - Cultivons votre \u00e9quipe - Changer pour le mieux\" \/>\n<meta property=\"og:description\" content=\"Augmentez votre rentabilit\u00e9 en am\u00e9liorant l\u2019exp\u00e9rience Client,le service et la qualit\u00e9, en maitrisant les d\u00e9lais et les co\u00fbts\" \/>\n<meta property=\"og:url\" content=\"https:\/\/olificonseil.com\/index.php\/journal-olifi-conseil\/\" \/>\n<meta property=\"og:site_name\" content=\"Olifi Conseil\" \/>\n<meta property=\"article:modified_time\" content=\"2023-11-14T17:39:26+00:00\" \/>\n<meta property=\"og:image\" content=\"https:\/\/olificonseil.com\/wp-content\/uploads\/2023\/07\/pexels-rodion-kutsaiev-18469798-scaled.jpg\" \/>\n<meta name=\"twitter:card\" content=\"summary_large_image\" \/>\n<meta name=\"twitter:label1\" content=\"Dur\u00e9e de lecture estim\u00e9e\" \/>\n\t<meta name=\"twitter:data1\" content=\"1 minute\" \/>\n<script type=\"application\/ld+json\" class=\"yoast-schema-graph\">{\"@context\":\"https:\/\/schema.org\",\"@graph\":[{\"@type\":\"WebPage\",\"@id\":\"https:\/\/olificonseil.com\/index.php\/journal-olifi-conseil\/\",\"url\":\"https:\/\/olificonseil.com\/index.php\/journal-olifi-conseil\/\",\"name\":\"Contact - Cultivons votre \u00e9quipe - Changer pour le mieux\",\"isPartOf\":{\"@id\":\"https:\/\/olificonseil.com\/#website\"},\"primaryImageOfPage\":{\"@id\":\"https:\/\/olificonseil.com\/index.php\/journal-olifi-conseil\/#primaryimage\"},\"image\":{\"@id\":\"https:\/\/olificonseil.com\/index.php\/journal-olifi-conseil\/#primaryimage\"},\"thumbnailUrl\":\"https:\/\/olificonseil.com\/wp-content\/uploads\/2023\/07\/pexels-rodion-kutsaiev-18469798-scaled.jpg\",\"datePublished\":\"2023-11-14T17:10:13+00:00\",\"dateModified\":\"2023-11-14T17:39:26+00:00\",\"description\":\"Augmentez votre rentabilit\u00e9 en am\u00e9liorant l\u2019exp\u00e9rience Client,le service et la qualit\u00e9, en maitrisant les d\u00e9lais et les co\u00fbts\",\"breadcrumb\":{\"@id\":\"https:\/\/olificonseil.com\/index.php\/journal-olifi-conseil\/#breadcrumb\"},\"inLanguage\":\"fr-FR\",\"potentialAction\":[{\"@type\":\"ReadAction\",\"target\":[\"https:\/\/olificonseil.com\/index.php\/journal-olifi-conseil\/\"]}]},{\"@type\":\"ImageObject\",\"inLanguage\":\"fr-FR\",\"@id\":\"https:\/\/olificonseil.com\/index.php\/journal-olifi-conseil\/#primaryimage\",\"url\":\"https:\/\/olificonseil.com\/wp-content\/uploads\/2023\/07\/pexels-rodion-kutsaiev-18469798-scaled.jpg\",\"contentUrl\":\"https:\/\/olificonseil.com\/wp-content\/uploads\/2023\/07\/pexels-rodion-kutsaiev-18469798-scaled.jpg\",\"width\":2560,\"height\":1706},{\"@type\":\"BreadcrumbList\",\"@id\":\"https:\/\/olificonseil.com\/index.php\/journal-olifi-conseil\/#breadcrumb\",\"itemListElement\":[{\"@type\":\"ListItem\",\"position\":1,\"name\":\"Accueil\",\"item\":\"https:\/\/olificonseil.com\/\"},{\"@type\":\"ListItem\",\"position\":2,\"name\":\"Blog\"}]},{\"@type\":\"WebSite\",\"@id\":\"https:\/\/olificonseil.com\/#website\",\"url\":\"https:\/\/olificonseil.com\/\",\"name\":\"Olifi Conseil\",\"description\":\"Cultivons votre \u00e9quipe\",\"publisher\":{\"@id\":\"https:\/\/olificonseil.com\/#organization\"},\"potentialAction\":[{\"@type\":\"SearchAction\",\"target\":{\"@type\":\"EntryPoint\",\"urlTemplate\":\"https:\/\/olificonseil.com\/?s={search_term_string}\"},\"query-input\":{\"@type\":\"PropertyValueSpecification\",\"valueRequired\":true,\"valueName\":\"search_term_string\"}}],\"inLanguage\":\"fr-FR\"},{\"@type\":\"Organization\",\"@id\":\"https:\/\/olificonseil.com\/#organization\",\"name\":\"Olifi Conseil\",\"url\":\"https:\/\/olificonseil.com\/\",\"logo\":{\"@type\":\"ImageObject\",\"inLanguage\":\"fr-FR\",\"@id\":\"https:\/\/olificonseil.com\/#\/schema\/logo\/image\/\",\"url\":\"https:\/\/olificonseil.com\/wp-content\/uploads\/2020\/02\/logo-olifi1-site.jpg\",\"contentUrl\":\"https:\/\/olificonseil.com\/wp-content\/uploads\/2020\/02\/logo-olifi1-site.jpg\",\"width\":432,\"height\":180,\"caption\":\"Olifi Conseil\"},\"image\":{\"@id\":\"https:\/\/olificonseil.com\/#\/schema\/logo\/image\/\"},\"sameAs\":[\"https:\/\/www.linkedin.com\/company\/olificonseil\/\"]}]}<\/script>\n<!-- \/ Yoast SEO plugin. -->","yoast_head_json":{"title":"Contact - Cultivons votre \u00e9quipe - Changer pour le mieux","description":"Augmentez votre rentabilit\u00e9 en am\u00e9liorant l\u2019exp\u00e9rience Client,le service et la qualit\u00e9, en maitrisant les d\u00e9lais et les co\u00fbts","robots":{"index":"index","follow":"follow","max-snippet":"max-snippet:-1","max-image-preview":"max-image-preview:large","max-video-preview":"max-video-preview:-1"},"canonical":"https:\/\/olificonseil.com\/index.php\/journal-olifi-conseil\/","og_locale":"fr_FR","og_type":"article","og_title":"Contact - Cultivons votre \u00e9quipe - Changer pour le mieux","og_description":"Augmentez votre rentabilit\u00e9 en am\u00e9liorant l\u2019exp\u00e9rience Client,le service et la qualit\u00e9, en maitrisant les d\u00e9lais et les co\u00fbts","og_url":"https:\/\/olificonseil.com\/index.php\/journal-olifi-conseil\/","og_site_name":"Olifi Conseil","article_modified_time":"2023-11-14T17:39:26+00:00","og_image":[{"url":"https:\/\/olificonseil.com\/wp-content\/uploads\/2023\/07\/pexels-rodion-kutsaiev-18469798-scaled.jpg"}],"twitter_card":"summary_large_image","twitter_misc":{"Dur\u00e9e de lecture estim\u00e9e":"1 minute"},"schema":{"@context":"https:\/\/schema.org","@graph":[{"@type":"WebPage","@id":"https:\/\/olificonseil.com\/index.php\/journal-olifi-conseil\/","url":"https:\/\/olificonseil.com\/index.php\/journal-olifi-conseil\/","name":"Contact - Cultivons votre \u00e9quipe - Changer pour le mieux","isPartOf":{"@id":"https:\/\/olificonseil.com\/#website"},"primaryImageOfPage":{"@id":"https:\/\/olificonseil.com\/index.php\/journal-olifi-conseil\/#primaryimage"},"image":{"@id":"https:\/\/olificonseil.com\/index.php\/journal-olifi-conseil\/#primaryimage"},"thumbnailUrl":"https:\/\/olificonseil.com\/wp-content\/uploads\/2023\/07\/pexels-rodion-kutsaiev-18469798-scaled.jpg","datePublished":"2023-11-14T17:10:13+00:00","dateModified":"2023-11-14T17:39:26+00:00","description":"Augmentez votre rentabilit\u00e9 en am\u00e9liorant l\u2019exp\u00e9rience Client,le service et la qualit\u00e9, en maitrisant les d\u00e9lais et les co\u00fbts","breadcrumb":{"@id":"https:\/\/olificonseil.com\/index.php\/journal-olifi-conseil\/#breadcrumb"},"inLanguage":"fr-FR","potentialAction":[{"@type":"ReadAction","target":["https:\/\/olificonseil.com\/index.php\/journal-olifi-conseil\/"]}]},{"@type":"ImageObject","inLanguage":"fr-FR","@id":"https:\/\/olificonseil.com\/index.php\/journal-olifi-conseil\/#primaryimage","url":"https:\/\/olificonseil.com\/wp-content\/uploads\/2023\/07\/pexels-rodion-kutsaiev-18469798-scaled.jpg","contentUrl":"https:\/\/olificonseil.com\/wp-content\/uploads\/2023\/07\/pexels-rodion-kutsaiev-18469798-scaled.jpg","width":2560,"height":1706},{"@type":"BreadcrumbList","@id":"https:\/\/olificonseil.com\/index.php\/journal-olifi-conseil\/#breadcrumb","itemListElement":[{"@type":"ListItem","position":1,"name":"Accueil","item":"https:\/\/olificonseil.com\/"},{"@type":"ListItem","position":2,"name":"Blog"}]},{"@type":"WebSite","@id":"https:\/\/olificonseil.com\/#website","url":"https:\/\/olificonseil.com\/","name":"Olifi Conseil","description":"Cultivons votre \u00e9quipe","publisher":{"@id":"https:\/\/olificonseil.com\/#organization"},"potentialAction":[{"@type":"SearchAction","target":{"@type":"EntryPoint","urlTemplate":"https:\/\/olificonseil.com\/?s={search_term_string}"},"query-input":{"@type":"PropertyValueSpecification","valueRequired":true,"valueName":"search_term_string"}}],"inLanguage":"fr-FR"},{"@type":"Organization","@id":"https:\/\/olificonseil.com\/#organization","name":"Olifi Conseil","url":"https:\/\/olificonseil.com\/","logo":{"@type":"ImageObject","inLanguage":"fr-FR","@id":"https:\/\/olificonseil.com\/#\/schema\/logo\/image\/","url":"https:\/\/olificonseil.com\/wp-content\/uploads\/2020\/02\/logo-olifi1-site.jpg","contentUrl":"https:\/\/olificonseil.com\/wp-content\/uploads\/2020\/02\/logo-olifi1-site.jpg","width":432,"height":180,"caption":"Olifi Conseil"},"image":{"@id":"https:\/\/olificonseil.com\/#\/schema\/logo\/image\/"},"sameAs":["https:\/\/www.linkedin.com\/company\/olificonseil\/"]}]}},"_links":{"self":[{"href":"https:\/\/olificonseil.com\/index.php\/wp-json\/wp\/v2\/pages\/1829"}],"collection":[{"href":"https:\/\/olificonseil.com\/index.php\/wp-json\/wp\/v2\/pages"}],"about":[{"href":"https:\/\/olificonseil.com\/index.php\/wp-json\/wp\/v2\/types\/page"}],"author":[{"embeddable":true,"href":"https:\/\/olificonseil.com\/index.php\/wp-json\/wp\/v2\/users\/5"}],"replies":[{"embeddable":true,"href":"https:\/\/olificonseil.com\/index.php\/wp-json\/wp\/v2\/comments?post=1829"}],"version-history":[{"count":17,"href":"https:\/\/olificonseil.com\/index.php\/wp-json\/wp\/v2\/pages\/1829\/revisions"}],"predecessor-version":[{"id":1855,"href":"https:\/\/olificonseil.com\/index.php\/wp-json\/wp\/v2\/pages\/1829\/revisions\/1855"}],"wp:attachment":[{"href":"https:\/\/olificonseil.com\/index.php\/wp-json\/wp\/v2\/media?parent=1829"}],"curies":[{"name":"wp","href":"https:\/\/api.w.org\/{rel}","templated":true}]}}