{"id":1686,"date":"2023-07-13T17:03:36","date_gmt":"2023-07-13T15:03:36","guid":{"rendered":"https:\/\/olificonseil.com\/?page_id=1686"},"modified":"2023-07-13T17:05:50","modified_gmt":"2023-07-13T15:05:50","slug":"programme-dexcellence-operationnelle-deploiement-de-la-culture-lean-methode-toyota","status":"publish","type":"page","link":"https:\/\/olificonseil.com\/index.php\/programme-dexcellence-operationnelle-deploiement-de-la-culture-lean-methode-toyota\/","title":{"rendered":"Programme d\u2019excellence op\u00e9rationnelle &#8211; D\u00e9ploiement de la culture Lean (m\u00e9thode Toyota)"},"content":{"rendered":"\t\t<div data-elementor-type=\"wp-page\" data-elementor-id=\"1686\" class=\"elementor elementor-1686\">\n\t\t\t\t\t\t<section class=\"elementor-section elementor-top-section elementor-element elementor-element-1c6d63c elementor-section-boxed elementor-section-height-default elementor-section-height-default wpr-particle-no wpr-jarallax-no wpr-parallax-no wpr-sticky-section-no wpr-equal-height-no\" data-id=\"1c6d63c\" data-element_type=\"section\">\n\t\t\t\t\t\t<div class=\"elementor-container elementor-column-gap-default\">\n\t\t\t\t\t<div class=\"elementor-column elementor-col-100 elementor-top-column elementor-element elementor-element-e09a6eb\" data-id=\"e09a6eb\" data-element_type=\"column\">\n\t\t\t<div class=\"elementor-widget-wrap elementor-element-populated\">\n\t\t\t\t\t\t<div class=\"elementor-element elementor-element-4432b15 elementor-widget elementor-widget-spacer\" data-id=\"4432b15\" data-element_type=\"widget\" data-widget_type=\"spacer.default\">\n\t\t\t\t<div class=\"elementor-widget-container\">\n\t\t\t\t\t\t\t<div class=\"elementor-spacer\">\n\t\t\t<div class=\"elementor-spacer-inner\"><\/div>\n\t\t<\/div>\n\t\t\t\t\t\t<\/div>\n\t\t\t\t<\/div>\n\t\t\t\t<div class=\"elementor-element elementor-element-8e10a0e elementor-widget elementor-widget-heading\" data-id=\"8e10a0e\" data-element_type=\"widget\" data-widget_type=\"heading.default\">\n\t\t\t\t<div class=\"elementor-widget-container\">\n\t\t\t\t\t<h1 class=\"elementor-heading-title elementor-size-default\">Programme d\u2019excellence op\u00e9rationnelle<\/h1>\t\t\t\t<\/div>\n\t\t\t\t<\/div>\n\t\t\t\t<div class=\"elementor-element elementor-element-91aaccc elementor-widget elementor-widget-text-editor\" data-id=\"91aaccc\" data-element_type=\"widget\" data-widget_type=\"text-editor.default\">\n\t\t\t\t<div class=\"elementor-widget-container\">\n\t\t\t\t\t\t\t\t\t<h3>D\u00e9ploiement de la culture Lean (m\u00e9thode Toyota) \u00e0 NORTEL Op\u00e9rations de la cha\u00eene d\u2019approvisionnement mondiale et chez ses partenaires de la cha\u00eene d\u2019approvisionnement\u00a0: FLEXTRONICS, JABIL, S-SCI, Solectron<\/h3>\t\t\t\t\t\t\t\t<\/div>\n\t\t\t\t<\/div>\n\t\t\t\t<div class=\"elementor-element elementor-element-1ba0614 elementor-widget elementor-widget-spacer\" data-id=\"1ba0614\" data-element_type=\"widget\" data-widget_type=\"spacer.default\">\n\t\t\t\t<div class=\"elementor-widget-container\">\n\t\t\t\t\t\t\t<div class=\"elementor-spacer\">\n\t\t\t<div class=\"elementor-spacer-inner\"><\/div>\n\t\t<\/div>\n\t\t\t\t\t\t<\/div>\n\t\t\t\t<\/div>\n\t\t\t\t\t<\/div>\n\t\t<\/div>\n\t\t\t\t\t<\/div>\n\t\t<\/section>\n\t\t\t\t<section class=\"elementor-section elementor-top-section elementor-element elementor-element-8805e3e elementor-section-boxed elementor-section-height-default elementor-section-height-default wpr-particle-no wpr-jarallax-no wpr-parallax-no wpr-sticky-section-no wpr-equal-height-no\" data-id=\"8805e3e\" data-element_type=\"section\">\n\t\t\t\t\t\t<div class=\"elementor-container elementor-column-gap-default\">\n\t\t\t\t\t<div class=\"elementor-column elementor-col-100 elementor-top-column elementor-element elementor-element-caed684\" data-id=\"caed684\" data-element_type=\"column\">\n\t\t\t<div class=\"elementor-widget-wrap elementor-element-populated\">\n\t\t\t\t\t\t<div class=\"elementor-element elementor-element-f789ba6 elementor-widget elementor-widget-text-editor\" data-id=\"f789ba6\" data-element_type=\"widget\" data-widget_type=\"text-editor.default\">\n\t\t\t\t<div class=\"elementor-widget-container\">\n\t\t\t\t\t\t\t\t\t<p>Le vice-pr\u00e9sident des Achats et des fabrications mondiales de Nortel, nouvellement nomm\u00e9, souhaite d\u00e9ployer la m\u00e9thode de gestion Lean dans les 25 centres d\u2019int\u00e9gration et usines imparties qui fournissent tous les \u00e9quipements vendus dans le monde. La m\u00e9thode Toyota est choisie. Le d\u00e9ploiement Lean s\u2019inscrit dans la politique de d\u00e9ploiement Lean Six Sigma de la Direction g\u00e9n\u00e9rale de Nortel Networks comme \u00e9tant le plus important levier de changement de culture de l\u2019entreprise dans toute son histoire.<\/p><p>Dans ce cadre, M. Fichet\u00a0:<\/p><ul><li>Est nomm\u00e9 Leader Lean, devient agent de changement et conseiller strat\u00e9gique interne pour le d\u00e9ploiement de la culture Lean dans 25 usines mondiales et pour les fonctions internes de gestion de la cha\u00eene d\u2019approvisionnement;<\/li><li>\u00c9labore la strat\u00e9gie du d\u00e9veloppement de Lean \u00e0 l\u2019interne ainsi que dans la cha\u00eene d\u2019approvisionnement externe, soit cinq multinationales sp\u00e9cialistes de la fabrication \u00e9lectronique;<\/li><li>Recrute, g\u00e8re le budget, g\u00e8re le projet et coordonne le bureau mondial Lean constitu\u00e9 de sp\u00e9cialistes Lean \u00e0 l\u2019interne comme \u00e0 l\u2019externe;<\/li><li>Articule le d\u00e9ploiement d\u2019indicateurs cl\u00e9s de performance de fabrication standards dans les quatre divisions de l\u2019entreprise et assure la mise en place de revues op\u00e9rationnelles;<\/li><li>Con\u00e7oit, d\u00e9veloppe avec l\u2019aide d\u2019une experte en formation, r\u00e9vise annuellement et enseigne la certification Lean aux directeurs, sp\u00e9cialistes et associ\u00e9s (Ceinture noire et Ceinture verte), \u00e0 l\u2019interne comme \u00e0 l\u2019externe;<\/li><li>Forme en personne, coache et certifie trois cohortes de \u00ab\u00a0Ceinture Noire\u00a0\u00bb ou \u00ab\u00a0Black Belt\u00a0\u00bb (total 18 personnes) et pr\u00e8s de 200 \u00ab\u00a0Ceinture verte\u00a0\u00bb ou \u00ab\u00a0Green Belt\u00a0\u00bb;<\/li><li>Devient un expert interne reconnu en Lean et en gestion du mat\u00e9riel\u00a0: il d\u00e9veloppe, motive et accompagne des intervenants cl\u00e9s \u00e0 tous les niveaux et dans chaque processus;<\/li><li>Conseille la haute direction interne et externe, les gestionnaires de projet et fonctionnels ainsi que les directeurs d\u2019usine;<\/li><li>R\u00e9alise et supervise la r\u00e9alisation de diagnostics annuels de d\u00e9ploiement Lean, de cartographies de la valeur ajout\u00e9e ainsi que de la planification des am\u00e9liorations et de Kaizen;<\/li><li>Engage, fait engager et collabore avec les consultants japonais en \u00ab\u00a0Kaizen\u00a0\u00bb (Shingijutsu);<\/li><li>Anime des projets et ateliers Kaizen : 3P, 5S, gestion visuelle, standardisation, juste \u00e0 temps, gestion du mat\u00e9riel et implantation des flux tendus par Kan Ban, m\u00e9thode PDCA, r\u00e9solution de probl\u00e8mes, etc.;<\/li><li>Supervise la r\u00e9alisation de 688 Kaizen aux r\u00e9sultats d\u00fbment r\u00e9pertori\u00e9s;<\/li><li>Organise des sessions d\u2019\u00e9change de solutions entre les \u00e9quipes d\u2019am\u00e9liration de chaque usine.<\/li><li>Collabore \u00e0 la ren\u00e9gociation des contrats fournisseurs et des ententes de r\u00e9duction de co\u00fbts en relation avec la m\u00e9thode d\u2019am\u00e9lioration continue;<\/li><li>Suit tous les projets Lean et leurs b\u00e9n\u00e9fices, et pr\u00e9sente les r\u00e9sultats \u00e0 la haute direction;<\/li><li>M\u00e8ne les \u00e9quipes \u00e0 livrer 30\u00a0% de progr\u00e8s en productivit\u00e9 et 50\u00a0% de r\u00e9duction d\u2019espace, g\u00e9n\u00e8re jusqu\u2019\u00e0 3 millions $\u00a0US de r\u00e9duction de co\u00fbts annuellement et des am\u00e9liorations de la qualit\u00e9 et des d\u00e9lais de livraison de l\u2019ordre de 50\u00a0%.<\/li><\/ul>\t\t\t\t\t\t\t\t<\/div>\n\t\t\t\t<\/div>\n\t\t\t\t\t<\/div>\n\t\t<\/div>\n\t\t\t\t\t<\/div>\n\t\t<\/section>\n\t\t\t\t<section class=\"elementor-section elementor-top-section elementor-element elementor-element-7ccc02b elementor-section-boxed elementor-section-height-default elementor-section-height-default wpr-particle-no wpr-jarallax-no wpr-parallax-no wpr-sticky-section-no wpr-equal-height-no\" data-id=\"7ccc02b\" data-element_type=\"section\">\n\t\t\t\t\t\t<div class=\"elementor-container elementor-column-gap-default\">\n\t\t\t\t\t<div class=\"elementor-column elementor-col-100 elementor-top-column elementor-element elementor-element-72145b9\" data-id=\"72145b9\" data-element_type=\"column\">\n\t\t\t<div class=\"elementor-widget-wrap elementor-element-populated\">\n\t\t\t\t\t\t<div class=\"elementor-element elementor-element-886f9be elementor-widget elementor-widget-image\" data-id=\"886f9be\" data-element_type=\"widget\" data-widget_type=\"image.default\">\n\t\t\t\t<div class=\"elementor-widget-container\">\n\t\t\t\t\t\t\t\t\t\t\t\t\t\t\t<img fetchpriority=\"high\" decoding=\"async\" width=\"768\" height=\"570\" src=\"https:\/\/olificonseil.com\/wp-content\/uploads\/2023\/07\/nortel1-768x570.png\" class=\"attachment-medium_large size-medium_large wp-image-1688\" alt=\"\" srcset=\"https:\/\/olificonseil.com\/wp-content\/uploads\/2023\/07\/nortel1-768x570.png 768w, https:\/\/olificonseil.com\/wp-content\/uploads\/2023\/07\/nortel1-300x223.png 300w, https:\/\/olificonseil.com\/wp-content\/uploads\/2023\/07\/nortel1-640x475.png 640w, https:\/\/olificonseil.com\/wp-content\/uploads\/2023\/07\/nortel1.png 886w\" sizes=\"(max-width: 768px) 100vw, 768px\" \/>\t\t\t\t\t\t\t\t\t\t\t\t\t\t\t<\/div>\n\t\t\t\t<\/div>\n\t\t\t\t\t<\/div>\n\t\t<\/div>\n\t\t\t\t\t<\/div>\n\t\t<\/section>\n\t\t\t\t<\/div>\n\t\t","protected":false},"excerpt":{"rendered":"<p>Programme d\u2019excellence op\u00e9rationnelle D\u00e9ploiement de la culture Lean (m\u00e9thode Toyota) \u00e0 NORTEL Op\u00e9rations de la cha\u00eene d\u2019approvisionnement mondiale&#8230; <a class=\"excerpt-read-more\" href=\"https:\/\/olificonseil.com\/index.php\/programme-dexcellence-operationnelle-deploiement-de-la-culture-lean-methode-toyota\/\"><span>Read More<\/span><\/a><\/p>\n","protected":false},"author":5,"featured_media":0,"parent":0,"menu_order":0,"comment_status":"closed","ping_status":"closed","template":"template-homepage.php","meta":{"footnotes":""},"yoast_head":"<!-- This site is optimized with the Yoast SEO plugin v23.5 - https:\/\/yoast.com\/wordpress\/plugins\/seo\/ -->\n<title>Nos Services - Cultivons votre \u00e9quipe - Changer pour le mieux<\/title>\n<meta name=\"description\" content=\"Augmentez votre rentabilit\u00e9 en am\u00e9liorant l\u2019exp\u00e9rience Client, le service et la qualit\u00e9, en maitrisant les d\u00e9lais et les co\u00fbts\" \/>\n<meta name=\"robots\" content=\"index, follow, max-snippet:-1, max-image-preview:large, max-video-preview:-1\" \/>\n<link rel=\"canonical\" href=\"https:\/\/olificonseil.com\/index.php\/programme-dexcellence-operationnelle-deploiement-de-la-culture-lean-methode-toyota\/\" \/>\n<meta property=\"og:locale\" content=\"fr_FR\" \/>\n<meta property=\"og:type\" content=\"article\" \/>\n<meta property=\"og:title\" content=\"Nos Services - Cultivons votre \u00e9quipe - Changer pour le mieux\" \/>\n<meta property=\"og:description\" content=\"Augmentez votre rentabilit\u00e9 en am\u00e9liorant l\u2019exp\u00e9rience Client, le service et la qualit\u00e9, en maitrisant les d\u00e9lais et les co\u00fbts\" \/>\n<meta property=\"og:url\" content=\"https:\/\/olificonseil.com\/index.php\/programme-dexcellence-operationnelle-deploiement-de-la-culture-lean-methode-toyota\/\" \/>\n<meta property=\"og:site_name\" content=\"Olifi Conseil\" \/>\n<meta property=\"article:modified_time\" content=\"2023-07-13T15:05:50+00:00\" \/>\n<meta property=\"og:image\" content=\"https:\/\/olificonseil.com\/wp-content\/uploads\/2023\/07\/nortel1-768x570.png\" \/>\n<meta name=\"twitter:card\" content=\"summary_large_image\" \/>\n<meta name=\"twitter:label1\" content=\"Dur\u00e9e de lecture estim\u00e9e\" \/>\n\t<meta name=\"twitter:data1\" content=\"3 minutes\" \/>\n<script type=\"application\/ld+json\" class=\"yoast-schema-graph\">{\"@context\":\"https:\/\/schema.org\",\"@graph\":[{\"@type\":\"WebPage\",\"@id\":\"https:\/\/olificonseil.com\/index.php\/programme-dexcellence-operationnelle-deploiement-de-la-culture-lean-methode-toyota\/\",\"url\":\"https:\/\/olificonseil.com\/index.php\/programme-dexcellence-operationnelle-deploiement-de-la-culture-lean-methode-toyota\/\",\"name\":\"Nos Services - Cultivons votre \u00e9quipe - Changer pour le mieux\",\"isPartOf\":{\"@id\":\"https:\/\/olificonseil.com\/#website\"},\"primaryImageOfPage\":{\"@id\":\"https:\/\/olificonseil.com\/index.php\/programme-dexcellence-operationnelle-deploiement-de-la-culture-lean-methode-toyota\/#primaryimage\"},\"image\":{\"@id\":\"https:\/\/olificonseil.com\/index.php\/programme-dexcellence-operationnelle-deploiement-de-la-culture-lean-methode-toyota\/#primaryimage\"},\"thumbnailUrl\":\"https:\/\/olificonseil.com\/wp-content\/uploads\/2023\/07\/nortel1-768x570.png\",\"datePublished\":\"2023-07-13T15:03:36+00:00\",\"dateModified\":\"2023-07-13T15:05:50+00:00\",\"description\":\"Augmentez votre rentabilit\u00e9 en am\u00e9liorant l\u2019exp\u00e9rience Client, le service et la qualit\u00e9, en maitrisant les d\u00e9lais et les co\u00fbts\",\"breadcrumb\":{\"@id\":\"https:\/\/olificonseil.com\/index.php\/programme-dexcellence-operationnelle-deploiement-de-la-culture-lean-methode-toyota\/#breadcrumb\"},\"inLanguage\":\"fr-FR\",\"potentialAction\":[{\"@type\":\"ReadAction\",\"target\":[\"https:\/\/olificonseil.com\/index.php\/programme-dexcellence-operationnelle-deploiement-de-la-culture-lean-methode-toyota\/\"]}]},{\"@type\":\"ImageObject\",\"inLanguage\":\"fr-FR\",\"@id\":\"https:\/\/olificonseil.com\/index.php\/programme-dexcellence-operationnelle-deploiement-de-la-culture-lean-methode-toyota\/#primaryimage\",\"url\":\"https:\/\/olificonseil.com\/wp-content\/uploads\/2023\/07\/nortel1.png\",\"contentUrl\":\"https:\/\/olificonseil.com\/wp-content\/uploads\/2023\/07\/nortel1.png\",\"width\":886,\"height\":658},{\"@type\":\"BreadcrumbList\",\"@id\":\"https:\/\/olificonseil.com\/index.php\/programme-dexcellence-operationnelle-deploiement-de-la-culture-lean-methode-toyota\/#breadcrumb\",\"itemListElement\":[{\"@type\":\"ListItem\",\"position\":1,\"name\":\"Accueil\",\"item\":\"https:\/\/olificonseil.com\/\"},{\"@type\":\"ListItem\",\"position\":2,\"name\":\"Programme d\u2019excellence op\u00e9rationnelle &#8211; D\u00e9ploiement de la culture Lean (m\u00e9thode Toyota)\"}]},{\"@type\":\"WebSite\",\"@id\":\"https:\/\/olificonseil.com\/#website\",\"url\":\"https:\/\/olificonseil.com\/\",\"name\":\"Olifi Conseil\",\"description\":\"Cultivons votre \u00e9quipe\",\"publisher\":{\"@id\":\"https:\/\/olificonseil.com\/#organization\"},\"potentialAction\":[{\"@type\":\"SearchAction\",\"target\":{\"@type\":\"EntryPoint\",\"urlTemplate\":\"https:\/\/olificonseil.com\/?s={search_term_string}\"},\"query-input\":{\"@type\":\"PropertyValueSpecification\",\"valueRequired\":true,\"valueName\":\"search_term_string\"}}],\"inLanguage\":\"fr-FR\"},{\"@type\":\"Organization\",\"@id\":\"https:\/\/olificonseil.com\/#organization\",\"name\":\"Olifi Conseil\",\"url\":\"https:\/\/olificonseil.com\/\",\"logo\":{\"@type\":\"ImageObject\",\"inLanguage\":\"fr-FR\",\"@id\":\"https:\/\/olificonseil.com\/#\/schema\/logo\/image\/\",\"url\":\"https:\/\/olificonseil.com\/wp-content\/uploads\/2020\/02\/logo-olifi1-site.jpg\",\"contentUrl\":\"https:\/\/olificonseil.com\/wp-content\/uploads\/2020\/02\/logo-olifi1-site.jpg\",\"width\":432,\"height\":180,\"caption\":\"Olifi Conseil\"},\"image\":{\"@id\":\"https:\/\/olificonseil.com\/#\/schema\/logo\/image\/\"},\"sameAs\":[\"https:\/\/www.linkedin.com\/company\/olificonseil\/\"]}]}<\/script>\n<!-- \/ Yoast SEO plugin. -->","yoast_head_json":{"title":"Nos Services - Cultivons votre \u00e9quipe - Changer pour le mieux","description":"Augmentez votre rentabilit\u00e9 en am\u00e9liorant l\u2019exp\u00e9rience Client, le service et la qualit\u00e9, en maitrisant les d\u00e9lais et les co\u00fbts","robots":{"index":"index","follow":"follow","max-snippet":"max-snippet:-1","max-image-preview":"max-image-preview:large","max-video-preview":"max-video-preview:-1"},"canonical":"https:\/\/olificonseil.com\/index.php\/programme-dexcellence-operationnelle-deploiement-de-la-culture-lean-methode-toyota\/","og_locale":"fr_FR","og_type":"article","og_title":"Nos Services - Cultivons votre \u00e9quipe - Changer pour le mieux","og_description":"Augmentez votre rentabilit\u00e9 en am\u00e9liorant l\u2019exp\u00e9rience Client, le service et la qualit\u00e9, en maitrisant les d\u00e9lais et les co\u00fbts","og_url":"https:\/\/olificonseil.com\/index.php\/programme-dexcellence-operationnelle-deploiement-de-la-culture-lean-methode-toyota\/","og_site_name":"Olifi Conseil","article_modified_time":"2023-07-13T15:05:50+00:00","og_image":[{"url":"https:\/\/olificonseil.com\/wp-content\/uploads\/2023\/07\/nortel1-768x570.png"}],"twitter_card":"summary_large_image","twitter_misc":{"Dur\u00e9e de lecture estim\u00e9e":"3 minutes"},"schema":{"@context":"https:\/\/schema.org","@graph":[{"@type":"WebPage","@id":"https:\/\/olificonseil.com\/index.php\/programme-dexcellence-operationnelle-deploiement-de-la-culture-lean-methode-toyota\/","url":"https:\/\/olificonseil.com\/index.php\/programme-dexcellence-operationnelle-deploiement-de-la-culture-lean-methode-toyota\/","name":"Nos Services - Cultivons votre \u00e9quipe - Changer pour le mieux","isPartOf":{"@id":"https:\/\/olificonseil.com\/#website"},"primaryImageOfPage":{"@id":"https:\/\/olificonseil.com\/index.php\/programme-dexcellence-operationnelle-deploiement-de-la-culture-lean-methode-toyota\/#primaryimage"},"image":{"@id":"https:\/\/olificonseil.com\/index.php\/programme-dexcellence-operationnelle-deploiement-de-la-culture-lean-methode-toyota\/#primaryimage"},"thumbnailUrl":"https:\/\/olificonseil.com\/wp-content\/uploads\/2023\/07\/nortel1-768x570.png","datePublished":"2023-07-13T15:03:36+00:00","dateModified":"2023-07-13T15:05:50+00:00","description":"Augmentez votre rentabilit\u00e9 en am\u00e9liorant l\u2019exp\u00e9rience Client, le service et la qualit\u00e9, en maitrisant les d\u00e9lais et les co\u00fbts","breadcrumb":{"@id":"https:\/\/olificonseil.com\/index.php\/programme-dexcellence-operationnelle-deploiement-de-la-culture-lean-methode-toyota\/#breadcrumb"},"inLanguage":"fr-FR","potentialAction":[{"@type":"ReadAction","target":["https:\/\/olificonseil.com\/index.php\/programme-dexcellence-operationnelle-deploiement-de-la-culture-lean-methode-toyota\/"]}]},{"@type":"ImageObject","inLanguage":"fr-FR","@id":"https:\/\/olificonseil.com\/index.php\/programme-dexcellence-operationnelle-deploiement-de-la-culture-lean-methode-toyota\/#primaryimage","url":"https:\/\/olificonseil.com\/wp-content\/uploads\/2023\/07\/nortel1.png","contentUrl":"https:\/\/olificonseil.com\/wp-content\/uploads\/2023\/07\/nortel1.png","width":886,"height":658},{"@type":"BreadcrumbList","@id":"https:\/\/olificonseil.com\/index.php\/programme-dexcellence-operationnelle-deploiement-de-la-culture-lean-methode-toyota\/#breadcrumb","itemListElement":[{"@type":"ListItem","position":1,"name":"Accueil","item":"https:\/\/olificonseil.com\/"},{"@type":"ListItem","position":2,"name":"Programme d\u2019excellence op\u00e9rationnelle &#8211; D\u00e9ploiement de la culture Lean (m\u00e9thode Toyota)"}]},{"@type":"WebSite","@id":"https:\/\/olificonseil.com\/#website","url":"https:\/\/olificonseil.com\/","name":"Olifi Conseil","description":"Cultivons votre \u00e9quipe","publisher":{"@id":"https:\/\/olificonseil.com\/#organization"},"potentialAction":[{"@type":"SearchAction","target":{"@type":"EntryPoint","urlTemplate":"https:\/\/olificonseil.com\/?s={search_term_string}"},"query-input":{"@type":"PropertyValueSpecification","valueRequired":true,"valueName":"search_term_string"}}],"inLanguage":"fr-FR"},{"@type":"Organization","@id":"https:\/\/olificonseil.com\/#organization","name":"Olifi Conseil","url":"https:\/\/olificonseil.com\/","logo":{"@type":"ImageObject","inLanguage":"fr-FR","@id":"https:\/\/olificonseil.com\/#\/schema\/logo\/image\/","url":"https:\/\/olificonseil.com\/wp-content\/uploads\/2020\/02\/logo-olifi1-site.jpg","contentUrl":"https:\/\/olificonseil.com\/wp-content\/uploads\/2020\/02\/logo-olifi1-site.jpg","width":432,"height":180,"caption":"Olifi Conseil"},"image":{"@id":"https:\/\/olificonseil.com\/#\/schema\/logo\/image\/"},"sameAs":["https:\/\/www.linkedin.com\/company\/olificonseil\/"]}]}},"_links":{"self":[{"href":"https:\/\/olificonseil.com\/index.php\/wp-json\/wp\/v2\/pages\/1686"}],"collection":[{"href":"https:\/\/olificonseil.com\/index.php\/wp-json\/wp\/v2\/pages"}],"about":[{"href":"https:\/\/olificonseil.com\/index.php\/wp-json\/wp\/v2\/types\/page"}],"author":[{"embeddable":true,"href":"https:\/\/olificonseil.com\/index.php\/wp-json\/wp\/v2\/users\/5"}],"replies":[{"embeddable":true,"href":"https:\/\/olificonseil.com\/index.php\/wp-json\/wp\/v2\/comments?post=1686"}],"version-history":[{"count":4,"href":"https:\/\/olificonseil.com\/index.php\/wp-json\/wp\/v2\/pages\/1686\/revisions"}],"predecessor-version":[{"id":1691,"href":"https:\/\/olificonseil.com\/index.php\/wp-json\/wp\/v2\/pages\/1686\/revisions\/1691"}],"wp:attachment":[{"href":"https:\/\/olificonseil.com\/index.php\/wp-json\/wp\/v2\/media?parent=1686"}],"curies":[{"name":"wp","href":"https:\/\/api.w.org\/{rel}","templated":true}]}}