{"id":1674,"date":"2023-07-13T16:44:07","date_gmt":"2023-07-13T14:44:07","guid":{"rendered":"https:\/\/olificonseil.com\/?page_id=1674"},"modified":"2023-07-13T18:16:06","modified_gmt":"2023-07-13T16:16:06","slug":"ateliers-dexcellence-operationnelle-ressourse","status":"publish","type":"page","link":"https:\/\/olificonseil.com\/index.php\/ateliers-dexcellence-operationnelle-ressourse\/","title":{"rendered":"Ateliers d\u2019excellence op\u00e9rationnelle &#8211; RessourSe"},"content":{"rendered":"\t\t<div data-elementor-type=\"wp-page\" data-elementor-id=\"1674\" class=\"elementor elementor-1674\">\n\t\t\t\t\t\t<section class=\"elementor-section elementor-top-section elementor-element elementor-element-1c6d63c elementor-section-boxed elementor-section-height-default elementor-section-height-default wpr-particle-no wpr-jarallax-no wpr-parallax-no wpr-sticky-section-no wpr-equal-height-no\" data-id=\"1c6d63c\" data-element_type=\"section\">\n\t\t\t\t\t\t<div class=\"elementor-container elementor-column-gap-default\">\n\t\t\t\t\t<div class=\"elementor-column elementor-col-100 elementor-top-column elementor-element elementor-element-e09a6eb\" data-id=\"e09a6eb\" data-element_type=\"column\">\n\t\t\t<div class=\"elementor-widget-wrap elementor-element-populated\">\n\t\t\t\t\t\t<div class=\"elementor-element elementor-element-4432b15 elementor-widget elementor-widget-spacer\" data-id=\"4432b15\" data-element_type=\"widget\" data-widget_type=\"spacer.default\">\n\t\t\t\t<div class=\"elementor-widget-container\">\n\t\t\t\t\t\t\t<div class=\"elementor-spacer\">\n\t\t\t<div class=\"elementor-spacer-inner\"><\/div>\n\t\t<\/div>\n\t\t\t\t\t\t<\/div>\n\t\t\t\t<\/div>\n\t\t\t\t<div class=\"elementor-element elementor-element-8e10a0e elementor-widget elementor-widget-heading\" data-id=\"8e10a0e\" data-element_type=\"widget\" data-widget_type=\"heading.default\">\n\t\t\t\t<div class=\"elementor-widget-container\">\n\t\t\t\t\t<h1 class=\"elementor-heading-title elementor-size-default\">Ateliers d\u2019excellence op\u00e9rationnelle <\/h1>\t\t\t\t<\/div>\n\t\t\t\t<\/div>\n\t\t\t\t<div class=\"elementor-element elementor-element-91aaccc elementor-widget elementor-widget-text-editor\" data-id=\"91aaccc\" data-element_type=\"widget\" data-widget_type=\"text-editor.default\">\n\t\t\t\t<div class=\"elementor-widget-container\">\n\t\t\t\t\t\t\t\t\t<h3>Optimisation des processus de paie avec l\u2019approche Lean Service<\/h3>\t\t\t\t\t\t\t\t<\/div>\n\t\t\t\t<\/div>\n\t\t\t\t<div class=\"elementor-element elementor-element-209e2da elementor-widget elementor-widget-image\" data-id=\"209e2da\" data-element_type=\"widget\" data-widget_type=\"image.default\">\n\t\t\t\t<div class=\"elementor-widget-container\">\n\t\t\t\t\t\t\t\t\t\t\t\t\t\t\t<img fetchpriority=\"high\" decoding=\"async\" width=\"768\" height=\"358\" src=\"https:\/\/olificonseil.com\/wp-content\/uploads\/2023\/07\/ressourse1-768x358.png\" class=\"attachment-medium_large size-medium_large wp-image-1676\" alt=\"\" srcset=\"https:\/\/olificonseil.com\/wp-content\/uploads\/2023\/07\/ressourse1-768x358.png 768w, https:\/\/olificonseil.com\/wp-content\/uploads\/2023\/07\/ressourse1-300x140.png 300w, https:\/\/olificonseil.com\/wp-content\/uploads\/2023\/07\/ressourse1-640x298.png 640w, https:\/\/olificonseil.com\/wp-content\/uploads\/2023\/07\/ressourse1.png 833w\" sizes=\"(max-width: 768px) 100vw, 768px\" \/>\t\t\t\t\t\t\t\t\t\t\t\t\t\t\t<\/div>\n\t\t\t\t<\/div>\n\t\t\t\t<div class=\"elementor-element elementor-element-a9a4cdd elementor-widget elementor-widget-text-editor\" data-id=\"a9a4cdd\" data-element_type=\"widget\" data-widget_type=\"text-editor.default\">\n\t\t\t\t<div class=\"elementor-widget-container\">\n\t\t\t\t\t\t\t\t\t<p>Le centre de r\u00e9adaptation r\u00e9gional la RessourSe (CRRLR) situ\u00e9 \u00e0 Gatineau au Qu\u00e9bec a pour mission d&rsquo;offrir des services d&rsquo;adaptation ou de r\u00e9adaptation et d&rsquo;int\u00e9gration sociale \u00e0 des personnes qui en raison de leurs d\u00e9ficiences physiques requi\u00e8rent de tels services et \u00e0 des jeunes enfants pr\u00e9sentant un retard de d\u00e9veloppement, de m\u00eame que des services d&rsquo;accompagnement et de soutien \u00e0 l&rsquo;entourage de ces personnes.<\/p>\t\t\t\t\t\t\t\t<\/div>\n\t\t\t\t<\/div>\n\t\t\t\t<div class=\"elementor-element elementor-element-ae128c5 elementor-widget elementor-widget-image\" data-id=\"ae128c5\" data-element_type=\"widget\" data-widget_type=\"image.default\">\n\t\t\t\t<div class=\"elementor-widget-container\">\n\t\t\t\t\t\t\t\t\t\t\t\t\t\t\t<img decoding=\"async\" width=\"400\" height=\"300\" src=\"https:\/\/olificonseil.com\/wp-content\/uploads\/2023\/07\/ressourse2.jpg\" class=\"attachment-large size-large wp-image-1677\" alt=\"\" srcset=\"https:\/\/olificonseil.com\/wp-content\/uploads\/2023\/07\/ressourse2.jpg 400w, https:\/\/olificonseil.com\/wp-content\/uploads\/2023\/07\/ressourse2-300x225.jpg 300w\" sizes=\"(max-width: 400px) 100vw, 400px\" \/>\t\t\t\t\t\t\t\t\t\t\t\t\t\t\t<\/div>\n\t\t\t\t<\/div>\n\t\t\t\t<div class=\"elementor-element elementor-element-db7597a elementor-widget elementor-widget-text-editor\" data-id=\"db7597a\" data-element_type=\"widget\" data-widget_type=\"text-editor.default\">\n\t\t\t\t<div class=\"elementor-widget-container\">\n\t\t\t\t\t\t\t\t\t<p>Du fait d\u2019une grande insatisfaction des collaborateurs et d\u2019un fort taux d\u2019absent\u00e9isme li\u00e9 \u00e0 un sentiment de pression et d\u2019un nombre important d\u2019erreur et d\u2019omissions, le CRRLR souhaitait optimiser les processus mis en \u0153uvre par son \u00e9quipe de la paie au sein du service de comptabilit\u00e9.<\/p><p>Dans ce cadre, l\u2019approche \u00e9tait\u00a0:<\/p><ul><li>Conduire un diagnostic sommaire du processus, reposant essentiellement sur l\u2019observation du processus (partage du quotidien en p\u00e9riode de paie) et des entrevues avec les principales parties prenantes, des managers m\u00e9tier jusqu\u2019au service de la comptabilit\u00e9.<\/li><li>Proposition d\u2019objectifs d\u2019am\u00e9lioration au manager charg\u00e9 de la paie et au sponsor du projet.<\/li><li>Animer une s\u00e9rie d\u2019ateliers de <em>r\u00e9solution de probl\u00e8me<\/em> d\u2019une demi-journ\u00e9e avec les collaborateurs concern\u00e9s, pour un total de quatre jours sans provoquer un sentiment d\u2019urgence.<\/li><li>Accompagner la mise en \u0153uvre des solutions.<\/li><\/ul>\t\t\t\t\t\t\t\t<\/div>\n\t\t\t\t<\/div>\n\t\t\t\t<div class=\"elementor-element elementor-element-3e6de38 elementor-widget elementor-widget-image\" data-id=\"3e6de38\" data-element_type=\"widget\" data-widget_type=\"image.default\">\n\t\t\t\t<div class=\"elementor-widget-container\">\n\t\t\t\t\t\t\t\t\t\t\t\t\t\t\t<img decoding=\"async\" width=\"756\" height=\"397\" src=\"https:\/\/olificonseil.com\/wp-content\/uploads\/2023\/07\/ressource3.jpg\" class=\"attachment-large size-large wp-image-1678\" alt=\"\" srcset=\"https:\/\/olificonseil.com\/wp-content\/uploads\/2023\/07\/ressource3.jpg 756w, https:\/\/olificonseil.com\/wp-content\/uploads\/2023\/07\/ressource3-300x158.jpg 300w, https:\/\/olificonseil.com\/wp-content\/uploads\/2023\/07\/ressource3-640x336.jpg 640w\" sizes=\"(max-width: 756px) 100vw, 756px\" \/>\t\t\t\t\t\t\t\t\t\t\t\t\t\t\t<\/div>\n\t\t\t\t<\/div>\n\t\t\t\t<div class=\"elementor-element elementor-element-ba504d3 elementor-widget elementor-widget-text-editor\" data-id=\"ba504d3\" data-element_type=\"widget\" data-widget_type=\"text-editor.default\">\n\t\t\t\t<div class=\"elementor-widget-container\">\n\t\t\t\t\t\t\t\t\t<p><strong>R\u00e9sultats atteints\u00a0:<\/strong><\/p><p><strong>Accroissement de la qualit\u00e9<\/strong><\/p><ul><li>Les corrections reli\u00e9es \u00e0 l\u2019approbation des relev\u00e9s de pr\u00e9sence ont diminu\u00e9 de tout pr\u00e8s de 50\u00a0%.<\/li><\/ul><p><strong>Am\u00e9lioration de la productivit\u00e9<\/strong><\/p><ul><li>5,6 minutes par dossier au lieu de 7 minutes (20\u00a0% de gain);<\/li><li>R\u00e9duction notable de l\u2019absent\u00e9isme et du temps suppl\u00e9mentaire lors des remplacements.<\/li><\/ul><p>R\u00e9duction des d\u00e9lais<\/p><ul><li>Traitement de la paie en 4 jours au lieu de 5 jours (20<strong>%<\/strong> de gain) par mois;<\/li><li>R\u00e9duction de 40\u00a0% du temps de traitement des cong\u00e9s lors de la v\u00e9rification des relev\u00e9s de pr\u00e9sence;<\/li><li>R\u00e9duction du temps de traitement des comptes de d\u00e9penses\/formation de 50\u00a0%.<\/li><\/ul><p>Am\u00e9lioration de la sant\u00e9 et qualit\u00e9 de vie des employ\u00e9s<\/p><ul><li>Diminution notable des irritants;<\/li><li>Cr\u00e9ation d\u2019un \u00ab\u00a0esprit\u00a0\u00bb d\u2019\u00e9quipe plus fort et solidaire;<\/li><li>Approche participative et partage de l\u2019expertise;<\/li><li>Diminution de la pression et valorisation du travail.<\/li><\/ul>\t\t\t\t\t\t\t\t<\/div>\n\t\t\t\t<\/div>\n\t\t\t\t<div class=\"elementor-element elementor-element-1ba0614 elementor-widget elementor-widget-spacer\" data-id=\"1ba0614\" data-element_type=\"widget\" data-widget_type=\"spacer.default\">\n\t\t\t\t<div class=\"elementor-widget-container\">\n\t\t\t\t\t\t\t<div class=\"elementor-spacer\">\n\t\t\t<div class=\"elementor-spacer-inner\"><\/div>\n\t\t<\/div>\n\t\t\t\t\t\t<\/div>\n\t\t\t\t<\/div>\n\t\t\t\t\t<\/div>\n\t\t<\/div>\n\t\t\t\t\t<\/div>\n\t\t<\/section>\n\t\t\t\t<\/div>\n\t\t","protected":false},"excerpt":{"rendered":"<p>Ateliers d\u2019excellence op\u00e9rationnelle Optimisation des processus de paie avec l\u2019approche Lean Service Le centre de r\u00e9adaptation r\u00e9gional la&#8230; <a class=\"excerpt-read-more\" href=\"https:\/\/olificonseil.com\/index.php\/ateliers-dexcellence-operationnelle-ressourse\/\"><span>Read More<\/span><\/a><\/p>\n","protected":false},"author":5,"featured_media":0,"parent":0,"menu_order":0,"comment_status":"closed","ping_status":"closed","template":"template-homepage.php","meta":{"footnotes":""},"yoast_head":"<!-- This site is optimized with the Yoast SEO plugin v23.5 - https:\/\/yoast.com\/wordpress\/plugins\/seo\/ -->\n<title>Nos Services - Cultivons votre \u00e9quipe - Changer pour le mieux<\/title>\n<meta name=\"description\" content=\"Augmentez votre rentabilit\u00e9 en am\u00e9liorant l\u2019exp\u00e9rience Client, le service et la qualit\u00e9, en maitrisant les d\u00e9lais et les co\u00fbts\" \/>\n<meta name=\"robots\" content=\"index, follow, max-snippet:-1, max-image-preview:large, max-video-preview:-1\" \/>\n<link rel=\"canonical\" href=\"https:\/\/olificonseil.com\/index.php\/ateliers-dexcellence-operationnelle-ressourse\/\" \/>\n<meta property=\"og:locale\" content=\"fr_FR\" \/>\n<meta property=\"og:type\" content=\"article\" \/>\n<meta property=\"og:title\" content=\"Nos Services - Cultivons votre \u00e9quipe - Changer pour le mieux\" \/>\n<meta property=\"og:description\" content=\"Augmentez votre rentabilit\u00e9 en am\u00e9liorant l\u2019exp\u00e9rience Client, le service et la qualit\u00e9, en maitrisant les d\u00e9lais et les co\u00fbts\" \/>\n<meta property=\"og:url\" content=\"https:\/\/olificonseil.com\/index.php\/ateliers-dexcellence-operationnelle-ressourse\/\" \/>\n<meta property=\"og:site_name\" content=\"Olifi Conseil\" \/>\n<meta property=\"article:modified_time\" content=\"2023-07-13T16:16:06+00:00\" \/>\n<meta property=\"og:image\" content=\"https:\/\/olificonseil.com\/wp-content\/uploads\/2023\/07\/ressourse1-768x358.png\" \/>\n<meta name=\"twitter:card\" content=\"summary_large_image\" \/>\n<meta name=\"twitter:label1\" content=\"Dur\u00e9e de lecture estim\u00e9e\" \/>\n\t<meta name=\"twitter:data1\" content=\"3 minutes\" \/>\n<script type=\"application\/ld+json\" class=\"yoast-schema-graph\">{\"@context\":\"https:\/\/schema.org\",\"@graph\":[{\"@type\":\"WebPage\",\"@id\":\"https:\/\/olificonseil.com\/index.php\/ateliers-dexcellence-operationnelle-ressourse\/\",\"url\":\"https:\/\/olificonseil.com\/index.php\/ateliers-dexcellence-operationnelle-ressourse\/\",\"name\":\"Nos Services - Cultivons votre \u00e9quipe - Changer pour le mieux\",\"isPartOf\":{\"@id\":\"https:\/\/olificonseil.com\/#website\"},\"primaryImageOfPage\":{\"@id\":\"https:\/\/olificonseil.com\/index.php\/ateliers-dexcellence-operationnelle-ressourse\/#primaryimage\"},\"image\":{\"@id\":\"https:\/\/olificonseil.com\/index.php\/ateliers-dexcellence-operationnelle-ressourse\/#primaryimage\"},\"thumbnailUrl\":\"https:\/\/olificonseil.com\/wp-content\/uploads\/2023\/07\/ressourse1-768x358.png\",\"datePublished\":\"2023-07-13T14:44:07+00:00\",\"dateModified\":\"2023-07-13T16:16:06+00:00\",\"description\":\"Augmentez votre rentabilit\u00e9 en am\u00e9liorant l\u2019exp\u00e9rience Client, le service et la qualit\u00e9, en maitrisant les d\u00e9lais et les co\u00fbts\",\"breadcrumb\":{\"@id\":\"https:\/\/olificonseil.com\/index.php\/ateliers-dexcellence-operationnelle-ressourse\/#breadcrumb\"},\"inLanguage\":\"fr-FR\",\"potentialAction\":[{\"@type\":\"ReadAction\",\"target\":[\"https:\/\/olificonseil.com\/index.php\/ateliers-dexcellence-operationnelle-ressourse\/\"]}]},{\"@type\":\"ImageObject\",\"inLanguage\":\"fr-FR\",\"@id\":\"https:\/\/olificonseil.com\/index.php\/ateliers-dexcellence-operationnelle-ressourse\/#primaryimage\",\"url\":\"https:\/\/olificonseil.com\/wp-content\/uploads\/2023\/07\/ressourse1.png\",\"contentUrl\":\"https:\/\/olificonseil.com\/wp-content\/uploads\/2023\/07\/ressourse1.png\",\"width\":833,\"height\":388},{\"@type\":\"BreadcrumbList\",\"@id\":\"https:\/\/olificonseil.com\/index.php\/ateliers-dexcellence-operationnelle-ressourse\/#breadcrumb\",\"itemListElement\":[{\"@type\":\"ListItem\",\"position\":1,\"name\":\"Accueil\",\"item\":\"https:\/\/olificonseil.com\/\"},{\"@type\":\"ListItem\",\"position\":2,\"name\":\"Ateliers d\u2019excellence op\u00e9rationnelle &#8211; RessourSe\"}]},{\"@type\":\"WebSite\",\"@id\":\"https:\/\/olificonseil.com\/#website\",\"url\":\"https:\/\/olificonseil.com\/\",\"name\":\"Olifi Conseil\",\"description\":\"Cultivons votre \u00e9quipe\",\"publisher\":{\"@id\":\"https:\/\/olificonseil.com\/#organization\"},\"potentialAction\":[{\"@type\":\"SearchAction\",\"target\":{\"@type\":\"EntryPoint\",\"urlTemplate\":\"https:\/\/olificonseil.com\/?s={search_term_string}\"},\"query-input\":{\"@type\":\"PropertyValueSpecification\",\"valueRequired\":true,\"valueName\":\"search_term_string\"}}],\"inLanguage\":\"fr-FR\"},{\"@type\":\"Organization\",\"@id\":\"https:\/\/olificonseil.com\/#organization\",\"name\":\"Olifi Conseil\",\"url\":\"https:\/\/olificonseil.com\/\",\"logo\":{\"@type\":\"ImageObject\",\"inLanguage\":\"fr-FR\",\"@id\":\"https:\/\/olificonseil.com\/#\/schema\/logo\/image\/\",\"url\":\"https:\/\/olificonseil.com\/wp-content\/uploads\/2020\/02\/logo-olifi1-site.jpg\",\"contentUrl\":\"https:\/\/olificonseil.com\/wp-content\/uploads\/2020\/02\/logo-olifi1-site.jpg\",\"width\":432,\"height\":180,\"caption\":\"Olifi Conseil\"},\"image\":{\"@id\":\"https:\/\/olificonseil.com\/#\/schema\/logo\/image\/\"},\"sameAs\":[\"https:\/\/www.linkedin.com\/company\/olificonseil\/\"]}]}<\/script>\n<!-- \/ Yoast SEO plugin. -->","yoast_head_json":{"title":"Nos Services - Cultivons votre \u00e9quipe - Changer pour le mieux","description":"Augmentez votre rentabilit\u00e9 en am\u00e9liorant l\u2019exp\u00e9rience Client, le service et la qualit\u00e9, en maitrisant les d\u00e9lais et les co\u00fbts","robots":{"index":"index","follow":"follow","max-snippet":"max-snippet:-1","max-image-preview":"max-image-preview:large","max-video-preview":"max-video-preview:-1"},"canonical":"https:\/\/olificonseil.com\/index.php\/ateliers-dexcellence-operationnelle-ressourse\/","og_locale":"fr_FR","og_type":"article","og_title":"Nos Services - Cultivons votre \u00e9quipe - Changer pour le mieux","og_description":"Augmentez votre rentabilit\u00e9 en am\u00e9liorant l\u2019exp\u00e9rience Client, le service et la qualit\u00e9, en maitrisant les d\u00e9lais et les co\u00fbts","og_url":"https:\/\/olificonseil.com\/index.php\/ateliers-dexcellence-operationnelle-ressourse\/","og_site_name":"Olifi Conseil","article_modified_time":"2023-07-13T16:16:06+00:00","og_image":[{"url":"https:\/\/olificonseil.com\/wp-content\/uploads\/2023\/07\/ressourse1-768x358.png"}],"twitter_card":"summary_large_image","twitter_misc":{"Dur\u00e9e de lecture estim\u00e9e":"3 minutes"},"schema":{"@context":"https:\/\/schema.org","@graph":[{"@type":"WebPage","@id":"https:\/\/olificonseil.com\/index.php\/ateliers-dexcellence-operationnelle-ressourse\/","url":"https:\/\/olificonseil.com\/index.php\/ateliers-dexcellence-operationnelle-ressourse\/","name":"Nos Services - Cultivons votre \u00e9quipe - Changer pour le mieux","isPartOf":{"@id":"https:\/\/olificonseil.com\/#website"},"primaryImageOfPage":{"@id":"https:\/\/olificonseil.com\/index.php\/ateliers-dexcellence-operationnelle-ressourse\/#primaryimage"},"image":{"@id":"https:\/\/olificonseil.com\/index.php\/ateliers-dexcellence-operationnelle-ressourse\/#primaryimage"},"thumbnailUrl":"https:\/\/olificonseil.com\/wp-content\/uploads\/2023\/07\/ressourse1-768x358.png","datePublished":"2023-07-13T14:44:07+00:00","dateModified":"2023-07-13T16:16:06+00:00","description":"Augmentez votre rentabilit\u00e9 en am\u00e9liorant l\u2019exp\u00e9rience Client, le service et la qualit\u00e9, en maitrisant les d\u00e9lais et les co\u00fbts","breadcrumb":{"@id":"https:\/\/olificonseil.com\/index.php\/ateliers-dexcellence-operationnelle-ressourse\/#breadcrumb"},"inLanguage":"fr-FR","potentialAction":[{"@type":"ReadAction","target":["https:\/\/olificonseil.com\/index.php\/ateliers-dexcellence-operationnelle-ressourse\/"]}]},{"@type":"ImageObject","inLanguage":"fr-FR","@id":"https:\/\/olificonseil.com\/index.php\/ateliers-dexcellence-operationnelle-ressourse\/#primaryimage","url":"https:\/\/olificonseil.com\/wp-content\/uploads\/2023\/07\/ressourse1.png","contentUrl":"https:\/\/olificonseil.com\/wp-content\/uploads\/2023\/07\/ressourse1.png","width":833,"height":388},{"@type":"BreadcrumbList","@id":"https:\/\/olificonseil.com\/index.php\/ateliers-dexcellence-operationnelle-ressourse\/#breadcrumb","itemListElement":[{"@type":"ListItem","position":1,"name":"Accueil","item":"https:\/\/olificonseil.com\/"},{"@type":"ListItem","position":2,"name":"Ateliers d\u2019excellence op\u00e9rationnelle &#8211; RessourSe"}]},{"@type":"WebSite","@id":"https:\/\/olificonseil.com\/#website","url":"https:\/\/olificonseil.com\/","name":"Olifi Conseil","description":"Cultivons votre \u00e9quipe","publisher":{"@id":"https:\/\/olificonseil.com\/#organization"},"potentialAction":[{"@type":"SearchAction","target":{"@type":"EntryPoint","urlTemplate":"https:\/\/olificonseil.com\/?s={search_term_string}"},"query-input":{"@type":"PropertyValueSpecification","valueRequired":true,"valueName":"search_term_string"}}],"inLanguage":"fr-FR"},{"@type":"Organization","@id":"https:\/\/olificonseil.com\/#organization","name":"Olifi Conseil","url":"https:\/\/olificonseil.com\/","logo":{"@type":"ImageObject","inLanguage":"fr-FR","@id":"https:\/\/olificonseil.com\/#\/schema\/logo\/image\/","url":"https:\/\/olificonseil.com\/wp-content\/uploads\/2020\/02\/logo-olifi1-site.jpg","contentUrl":"https:\/\/olificonseil.com\/wp-content\/uploads\/2020\/02\/logo-olifi1-site.jpg","width":432,"height":180,"caption":"Olifi Conseil"},"image":{"@id":"https:\/\/olificonseil.com\/#\/schema\/logo\/image\/"},"sameAs":["https:\/\/www.linkedin.com\/company\/olificonseil\/"]}]}},"_links":{"self":[{"href":"https:\/\/olificonseil.com\/index.php\/wp-json\/wp\/v2\/pages\/1674"}],"collection":[{"href":"https:\/\/olificonseil.com\/index.php\/wp-json\/wp\/v2\/pages"}],"about":[{"href":"https:\/\/olificonseil.com\/index.php\/wp-json\/wp\/v2\/types\/page"}],"author":[{"embeddable":true,"href":"https:\/\/olificonseil.com\/index.php\/wp-json\/wp\/v2\/users\/5"}],"replies":[{"embeddable":true,"href":"https:\/\/olificonseil.com\/index.php\/wp-json\/wp\/v2\/comments?post=1674"}],"version-history":[{"count":7,"href":"https:\/\/olificonseil.com\/index.php\/wp-json\/wp\/v2\/pages\/1674\/revisions"}],"predecessor-version":[{"id":1741,"href":"https:\/\/olificonseil.com\/index.php\/wp-json\/wp\/v2\/pages\/1674\/revisions\/1741"}],"wp:attachment":[{"href":"https:\/\/olificonseil.com\/index.php\/wp-json\/wp\/v2\/media?parent=1674"}],"curies":[{"name":"wp","href":"https:\/\/api.w.org\/{rel}","templated":true}]}}