{"id":1666,"date":"2023-07-13T16:10:09","date_gmt":"2023-07-13T14:10:09","guid":{"rendered":"https:\/\/olificonseil.com\/?page_id=1666"},"modified":"2023-07-13T16:11:15","modified_gmt":"2023-07-13T14:11:15","slug":"ateliers-dexcellence-operationnelle-transformation-de-ligne-de-cockpit","status":"publish","type":"page","link":"https:\/\/olificonseil.com\/index.php\/ateliers-dexcellence-operationnelle-transformation-de-ligne-de-cockpit\/","title":{"rendered":"Ateliers d\u2019excellence op\u00e9rationnelle &#8211; transformation de ligne de cockpit"},"content":{"rendered":"\t\t<div data-elementor-type=\"wp-page\" data-elementor-id=\"1666\" class=\"elementor elementor-1666\">\n\t\t\t\t\t\t<section class=\"elementor-section elementor-top-section elementor-element elementor-element-1c6d63c elementor-section-boxed elementor-section-height-default elementor-section-height-default wpr-particle-no wpr-jarallax-no wpr-parallax-no wpr-sticky-section-no wpr-equal-height-no\" data-id=\"1c6d63c\" data-element_type=\"section\">\n\t\t\t\t\t\t<div class=\"elementor-container elementor-column-gap-default\">\n\t\t\t\t\t<div class=\"elementor-column elementor-col-100 elementor-top-column elementor-element elementor-element-e09a6eb\" data-id=\"e09a6eb\" data-element_type=\"column\">\n\t\t\t<div class=\"elementor-widget-wrap elementor-element-populated\">\n\t\t\t\t\t\t<div class=\"elementor-element elementor-element-4432b15 elementor-widget elementor-widget-spacer\" data-id=\"4432b15\" data-element_type=\"widget\" data-widget_type=\"spacer.default\">\n\t\t\t\t<div class=\"elementor-widget-container\">\n\t\t\t\t\t\t\t<div class=\"elementor-spacer\">\n\t\t\t<div class=\"elementor-spacer-inner\"><\/div>\n\t\t<\/div>\n\t\t\t\t\t\t<\/div>\n\t\t\t\t<\/div>\n\t\t\t\t<div class=\"elementor-element elementor-element-8e10a0e elementor-widget elementor-widget-heading\" data-id=\"8e10a0e\" data-element_type=\"widget\" data-widget_type=\"heading.default\">\n\t\t\t\t<div class=\"elementor-widget-container\">\n\t\t\t\t\t<h1 class=\"elementor-heading-title elementor-size-default\">Ateliers d\u2019excellence op\u00e9rationnelle <\/h1>\t\t\t\t<\/div>\n\t\t\t\t<\/div>\n\t\t\t\t<div class=\"elementor-element elementor-element-91aaccc elementor-widget elementor-widget-text-editor\" data-id=\"91aaccc\" data-element_type=\"widget\" data-widget_type=\"text-editor.default\">\n\t\t\t\t<div class=\"elementor-widget-container\">\n\t\t\t\t\t\t\t\t\t<h3 class=\"projet\" style=\"margin-left: 5.4pt; tab-stops: 290.7pt;\">Planification et accompagnement de transformation de ligne de production \u00ab\u00a0Cockpit\u00a0\u00bb pour un sous-traitant de l\u2019a\u00e9ronautique<\/h3>\t\t\t\t\t\t\t\t<\/div>\n\t\t\t\t<\/div>\n\t\t\t\t<div class=\"elementor-element elementor-element-a9a4cdd elementor-widget elementor-widget-text-editor\" data-id=\"a9a4cdd\" data-element_type=\"widget\" data-widget_type=\"text-editor.default\">\n\t\t\t\t<div class=\"elementor-widget-container\">\n\t\t\t\t\t\t\t\t\t<p>Hutchinson A\u00e9ronautique &amp; Industrie lt\u00e9e d\u00e9finit, con\u00e7oit, int\u00e8gre, qualifie et industrialise des produits composites et thermoplastiques pour l\u2019a\u00e9ronautique. Elle est sp\u00e9cialiste des conduits de distribution d\u2019air \u00e0 basse pression, syst\u00e8mes et composantes d\u2019int\u00e9rieur (incluant le poste de pilotage du Global Express \u00ab Global Vision \u00bb), syst\u00e8mes d\u2019habillages, pi\u00e8ces translucides et panneaux de planchers composites.<\/p><p>Afin de d\u00e9velopper une strat\u00e9gie globale d\u2019intervention, o\u00f9 l\u2019am\u00e9lioration des processus est privil\u00e9gi\u00e9e, il est essentiel d\u2019\u00e9laborer une vision future des processus de production et de support. Celle-ci doit supporter les alignements strat\u00e9giques organisationnels et faciliter l\u2019atteinte des objectifs de l\u2019organisation.<\/p><p>Le mandat consistait \u00e0 former les participants \u00e0 l\u2019approche d\u2019optimisation de l\u2019ensemble des flux <strong>op\u00e9rationnels et informationnels<\/strong> d\u2019une famille de pi\u00e8ces \u00ab\u00a0cockpit\u00a0\u00bb de la demande client jusqu\u2019\u00e0 l\u2019exp\u00e9dition.<\/p><p>Une attention particuli\u00e8re devait \u00eatre apport\u00e9e \u00e0 la toute la documentation de gestion et de contr\u00f4le qualit\u00e9.<\/p><p>Ce mandat fut r\u00e9alis\u00e9 en 5 \u00e9tapes, et chaque \u00e9tape contenait une part de formation et d\u2019accompagnement dans l\u2019action soit :<\/p><ul><li>L\u2019\u00e9tape 1\u00a0: Pr\u00e9paration;<\/li><li>L\u2019\u00e9tape 2\u00a0: Atelier de cartographie cha\u00eene de valeur actuelle;<\/li><li>L\u2019\u00e9tape 3\u00a0: Formation sur l\u2019approche Lean avec simulations<\/li><li>L\u2019\u00e9tape 4\u00a0: Atelier de cartographie cha\u00eene de valeur future;<\/li><li>L\u2019\u00e9tape 5\u00a0: Atelier de conception d\u2019un plan d\u2019am\u00e9nagement macroscopique de la ligne de fabrication, suivi de la r\u00e9alisation<\/li><\/ul><p>R\u00e9sultats atteints\u00a0:<\/p><ul><li>Produire la cartographie de l\u2019\u00e9tat futur permettant d\u2019importants gains de productivit\u00e9 comme le souhaitait la direction, une r\u00e9duction importante des saisies de suivi d\u2019inventaire dans le ERP et une r\u00e9duction des d\u00e9lais de traitement;<\/li><li>Accompagner la r\u00e9alisation du plan de transformation de l\u2019\u00e9tat actuel \u00e0 l\u2019\u00e9tat futur\u00a0: en particulier refonte de la ligne de production et implantation en une journ\u00e9e d\u2019un atelier cellulaire de production des pi\u00e8ces \u00ab\u00a0cockpits\u00a0\u00bb ; r\u00e9duction des d\u00e9lais de production de l\u2019ordre de 60%<\/li><li>L\u2019\u00e9quipe a accord\u00e9 une note moyenne de 8 sur 10 pour ce projet, tant en ce qui concerne la m\u00e9thodologie que la qualit\u00e9 des consultants.<\/li><\/ul>\t\t\t\t\t\t\t\t<\/div>\n\t\t\t\t<\/div>\n\t\t\t\t<div class=\"elementor-element elementor-element-1ba0614 elementor-widget elementor-widget-spacer\" data-id=\"1ba0614\" data-element_type=\"widget\" data-widget_type=\"spacer.default\">\n\t\t\t\t<div class=\"elementor-widget-container\">\n\t\t\t\t\t\t\t<div class=\"elementor-spacer\">\n\t\t\t<div class=\"elementor-spacer-inner\"><\/div>\n\t\t<\/div>\n\t\t\t\t\t\t<\/div>\n\t\t\t\t<\/div>\n\t\t\t\t\t<\/div>\n\t\t<\/div>\n\t\t\t\t\t<\/div>\n\t\t<\/section>\n\t\t\t\t<\/div>\n\t\t","protected":false},"excerpt":{"rendered":"<p>Ateliers d\u2019excellence op\u00e9rationnelle Planification et accompagnement de transformation de ligne de production \u00ab\u00a0Cockpit\u00a0\u00bb pour un sous-traitant de l\u2019a\u00e9ronautique&#8230; <a class=\"excerpt-read-more\" href=\"https:\/\/olificonseil.com\/index.php\/ateliers-dexcellence-operationnelle-transformation-de-ligne-de-cockpit\/\"><span>Read More<\/span><\/a><\/p>\n","protected":false},"author":5,"featured_media":0,"parent":0,"menu_order":0,"comment_status":"closed","ping_status":"closed","template":"template-homepage.php","meta":{"footnotes":""},"yoast_head":"<!-- This site is optimized with the Yoast SEO plugin v23.5 - https:\/\/yoast.com\/wordpress\/plugins\/seo\/ -->\n<title>Nos Services - Cultivons votre \u00e9quipe - Changer pour le mieux<\/title>\n<meta name=\"description\" content=\"Augmentez votre rentabilit\u00e9 en am\u00e9liorant l\u2019exp\u00e9rience Client, le service et la qualit\u00e9, en maitrisant les d\u00e9lais et les co\u00fbts\" \/>\n<meta name=\"robots\" content=\"index, follow, max-snippet:-1, max-image-preview:large, max-video-preview:-1\" \/>\n<link rel=\"canonical\" href=\"https:\/\/olificonseil.com\/index.php\/ateliers-dexcellence-operationnelle-transformation-de-ligne-de-cockpit\/\" \/>\n<meta property=\"og:locale\" content=\"fr_FR\" \/>\n<meta property=\"og:type\" content=\"article\" \/>\n<meta property=\"og:title\" content=\"Nos Services - Cultivons votre \u00e9quipe - Changer pour le mieux\" \/>\n<meta property=\"og:description\" content=\"Augmentez votre rentabilit\u00e9 en am\u00e9liorant l\u2019exp\u00e9rience Client, le service et la qualit\u00e9, en maitrisant les d\u00e9lais et les co\u00fbts\" \/>\n<meta property=\"og:url\" content=\"https:\/\/olificonseil.com\/index.php\/ateliers-dexcellence-operationnelle-transformation-de-ligne-de-cockpit\/\" \/>\n<meta property=\"og:site_name\" content=\"Olifi Conseil\" \/>\n<meta property=\"article:modified_time\" content=\"2023-07-13T14:11:15+00:00\" \/>\n<meta property=\"og:image\" content=\"https:\/\/olificonseil.com\/wp-content\/uploads\/2020\/02\/logo-olifi-coming-soon-1.png\" \/>\n\t<meta property=\"og:image:width\" content=\"1040\" \/>\n\t<meta property=\"og:image:height\" content=\"736\" \/>\n\t<meta property=\"og:image:type\" content=\"image\/png\" \/>\n<meta name=\"twitter:card\" content=\"summary_large_image\" \/>\n<meta name=\"twitter:label1\" content=\"Dur\u00e9e de lecture estim\u00e9e\" \/>\n\t<meta name=\"twitter:data1\" content=\"2 minutes\" \/>\n<script type=\"application\/ld+json\" class=\"yoast-schema-graph\">{\"@context\":\"https:\/\/schema.org\",\"@graph\":[{\"@type\":\"WebPage\",\"@id\":\"https:\/\/olificonseil.com\/index.php\/ateliers-dexcellence-operationnelle-transformation-de-ligne-de-cockpit\/\",\"url\":\"https:\/\/olificonseil.com\/index.php\/ateliers-dexcellence-operationnelle-transformation-de-ligne-de-cockpit\/\",\"name\":\"Nos Services - Cultivons votre \u00e9quipe - Changer pour le mieux\",\"isPartOf\":{\"@id\":\"https:\/\/olificonseil.com\/#website\"},\"datePublished\":\"2023-07-13T14:10:09+00:00\",\"dateModified\":\"2023-07-13T14:11:15+00:00\",\"description\":\"Augmentez votre rentabilit\u00e9 en am\u00e9liorant l\u2019exp\u00e9rience Client, le service et la qualit\u00e9, en maitrisant les d\u00e9lais et les co\u00fbts\",\"breadcrumb\":{\"@id\":\"https:\/\/olificonseil.com\/index.php\/ateliers-dexcellence-operationnelle-transformation-de-ligne-de-cockpit\/#breadcrumb\"},\"inLanguage\":\"fr-FR\",\"potentialAction\":[{\"@type\":\"ReadAction\",\"target\":[\"https:\/\/olificonseil.com\/index.php\/ateliers-dexcellence-operationnelle-transformation-de-ligne-de-cockpit\/\"]}]},{\"@type\":\"BreadcrumbList\",\"@id\":\"https:\/\/olificonseil.com\/index.php\/ateliers-dexcellence-operationnelle-transformation-de-ligne-de-cockpit\/#breadcrumb\",\"itemListElement\":[{\"@type\":\"ListItem\",\"position\":1,\"name\":\"Accueil\",\"item\":\"https:\/\/olificonseil.com\/\"},{\"@type\":\"ListItem\",\"position\":2,\"name\":\"Ateliers d\u2019excellence op\u00e9rationnelle &#8211; transformation de ligne de cockpit\"}]},{\"@type\":\"WebSite\",\"@id\":\"https:\/\/olificonseil.com\/#website\",\"url\":\"https:\/\/olificonseil.com\/\",\"name\":\"Olifi Conseil\",\"description\":\"Cultivons votre \u00e9quipe\",\"publisher\":{\"@id\":\"https:\/\/olificonseil.com\/#organization\"},\"potentialAction\":[{\"@type\":\"SearchAction\",\"target\":{\"@type\":\"EntryPoint\",\"urlTemplate\":\"https:\/\/olificonseil.com\/?s={search_term_string}\"},\"query-input\":{\"@type\":\"PropertyValueSpecification\",\"valueRequired\":true,\"valueName\":\"search_term_string\"}}],\"inLanguage\":\"fr-FR\"},{\"@type\":\"Organization\",\"@id\":\"https:\/\/olificonseil.com\/#organization\",\"name\":\"Olifi Conseil\",\"url\":\"https:\/\/olificonseil.com\/\",\"logo\":{\"@type\":\"ImageObject\",\"inLanguage\":\"fr-FR\",\"@id\":\"https:\/\/olificonseil.com\/#\/schema\/logo\/image\/\",\"url\":\"https:\/\/olificonseil.com\/wp-content\/uploads\/2020\/02\/logo-olifi1-site.jpg\",\"contentUrl\":\"https:\/\/olificonseil.com\/wp-content\/uploads\/2020\/02\/logo-olifi1-site.jpg\",\"width\":432,\"height\":180,\"caption\":\"Olifi Conseil\"},\"image\":{\"@id\":\"https:\/\/olificonseil.com\/#\/schema\/logo\/image\/\"},\"sameAs\":[\"https:\/\/www.linkedin.com\/company\/olificonseil\/\"]}]}<\/script>\n<!-- \/ Yoast SEO plugin. -->","yoast_head_json":{"title":"Nos Services - Cultivons votre \u00e9quipe - Changer pour le mieux","description":"Augmentez votre rentabilit\u00e9 en am\u00e9liorant l\u2019exp\u00e9rience Client, le service et la qualit\u00e9, en maitrisant les d\u00e9lais et les co\u00fbts","robots":{"index":"index","follow":"follow","max-snippet":"max-snippet:-1","max-image-preview":"max-image-preview:large","max-video-preview":"max-video-preview:-1"},"canonical":"https:\/\/olificonseil.com\/index.php\/ateliers-dexcellence-operationnelle-transformation-de-ligne-de-cockpit\/","og_locale":"fr_FR","og_type":"article","og_title":"Nos Services - Cultivons votre \u00e9quipe - Changer pour le mieux","og_description":"Augmentez votre rentabilit\u00e9 en am\u00e9liorant l\u2019exp\u00e9rience Client, le service et la qualit\u00e9, en maitrisant les d\u00e9lais et les co\u00fbts","og_url":"https:\/\/olificonseil.com\/index.php\/ateliers-dexcellence-operationnelle-transformation-de-ligne-de-cockpit\/","og_site_name":"Olifi Conseil","article_modified_time":"2023-07-13T14:11:15+00:00","og_image":[{"width":1040,"height":736,"url":"https:\/\/olificonseil.com\/wp-content\/uploads\/2020\/02\/logo-olifi-coming-soon-1.png","type":"image\/png"}],"twitter_card":"summary_large_image","twitter_misc":{"Dur\u00e9e de lecture estim\u00e9e":"2 minutes"},"schema":{"@context":"https:\/\/schema.org","@graph":[{"@type":"WebPage","@id":"https:\/\/olificonseil.com\/index.php\/ateliers-dexcellence-operationnelle-transformation-de-ligne-de-cockpit\/","url":"https:\/\/olificonseil.com\/index.php\/ateliers-dexcellence-operationnelle-transformation-de-ligne-de-cockpit\/","name":"Nos Services - Cultivons votre \u00e9quipe - Changer pour le mieux","isPartOf":{"@id":"https:\/\/olificonseil.com\/#website"},"datePublished":"2023-07-13T14:10:09+00:00","dateModified":"2023-07-13T14:11:15+00:00","description":"Augmentez votre rentabilit\u00e9 en am\u00e9liorant l\u2019exp\u00e9rience Client, le service et la qualit\u00e9, en maitrisant les d\u00e9lais et les co\u00fbts","breadcrumb":{"@id":"https:\/\/olificonseil.com\/index.php\/ateliers-dexcellence-operationnelle-transformation-de-ligne-de-cockpit\/#breadcrumb"},"inLanguage":"fr-FR","potentialAction":[{"@type":"ReadAction","target":["https:\/\/olificonseil.com\/index.php\/ateliers-dexcellence-operationnelle-transformation-de-ligne-de-cockpit\/"]}]},{"@type":"BreadcrumbList","@id":"https:\/\/olificonseil.com\/index.php\/ateliers-dexcellence-operationnelle-transformation-de-ligne-de-cockpit\/#breadcrumb","itemListElement":[{"@type":"ListItem","position":1,"name":"Accueil","item":"https:\/\/olificonseil.com\/"},{"@type":"ListItem","position":2,"name":"Ateliers d\u2019excellence op\u00e9rationnelle &#8211; transformation de ligne de cockpit"}]},{"@type":"WebSite","@id":"https:\/\/olificonseil.com\/#website","url":"https:\/\/olificonseil.com\/","name":"Olifi Conseil","description":"Cultivons votre \u00e9quipe","publisher":{"@id":"https:\/\/olificonseil.com\/#organization"},"potentialAction":[{"@type":"SearchAction","target":{"@type":"EntryPoint","urlTemplate":"https:\/\/olificonseil.com\/?s={search_term_string}"},"query-input":{"@type":"PropertyValueSpecification","valueRequired":true,"valueName":"search_term_string"}}],"inLanguage":"fr-FR"},{"@type":"Organization","@id":"https:\/\/olificonseil.com\/#organization","name":"Olifi Conseil","url":"https:\/\/olificonseil.com\/","logo":{"@type":"ImageObject","inLanguage":"fr-FR","@id":"https:\/\/olificonseil.com\/#\/schema\/logo\/image\/","url":"https:\/\/olificonseil.com\/wp-content\/uploads\/2020\/02\/logo-olifi1-site.jpg","contentUrl":"https:\/\/olificonseil.com\/wp-content\/uploads\/2020\/02\/logo-olifi1-site.jpg","width":432,"height":180,"caption":"Olifi Conseil"},"image":{"@id":"https:\/\/olificonseil.com\/#\/schema\/logo\/image\/"},"sameAs":["https:\/\/www.linkedin.com\/company\/olificonseil\/"]}]}},"_links":{"self":[{"href":"https:\/\/olificonseil.com\/index.php\/wp-json\/wp\/v2\/pages\/1666"}],"collection":[{"href":"https:\/\/olificonseil.com\/index.php\/wp-json\/wp\/v2\/pages"}],"about":[{"href":"https:\/\/olificonseil.com\/index.php\/wp-json\/wp\/v2\/types\/page"}],"author":[{"embeddable":true,"href":"https:\/\/olificonseil.com\/index.php\/wp-json\/wp\/v2\/users\/5"}],"replies":[{"embeddable":true,"href":"https:\/\/olificonseil.com\/index.php\/wp-json\/wp\/v2\/comments?post=1666"}],"version-history":[{"count":4,"href":"https:\/\/olificonseil.com\/index.php\/wp-json\/wp\/v2\/pages\/1666\/revisions"}],"predecessor-version":[{"id":1670,"href":"https:\/\/olificonseil.com\/index.php\/wp-json\/wp\/v2\/pages\/1666\/revisions\/1670"}],"wp:attachment":[{"href":"https:\/\/olificonseil.com\/index.php\/wp-json\/wp\/v2\/media?parent=1666"}],"curies":[{"name":"wp","href":"https:\/\/api.w.org\/{rel}","templated":true}]}}